{"id":941,"date":"2022-06-02T11:52:52","date_gmt":"2022-06-02T09:52:52","guid":{"rendered":"https:\/\/bvder.nl?page_id=941"},"modified":"2022-06-15T20:05:22","modified_gmt":"2022-06-15T20:05:22","slug":"serez-vous-notre-nouveau-collegue","status":"publish","type":"page","link":"https:\/\/bvder.nl\/fr\/serez-vous-notre-nouveau-collegue\/","title":{"rendered":"Serez-vous notre nouveau coll\u00e8gue ?"},"content":{"rendered":"\t\t<div data-elementor-type=\"wp-page\" data-elementor-id=\"941\" class=\"elementor elementor-941 elementor-458\" data-elementor-post-type=\"page\">\n\t\t\t\t\t\t<section class=\"elementor-section elementor-top-section elementor-element elementor-element-9f977e3 elementor-section-boxed elementor-section-height-default elementor-section-height-default\" data-id=\"9f977e3\" data-element_type=\"section\" data-e-type=\"section\">\n\t\t\t\t\t\t<div class=\"elementor-container elementor-column-gap-default\">\n\t\t\t\t\t<div class=\"elementor-column elementor-col-100 elementor-top-column elementor-element elementor-element-c589fd8\" data-id=\"c589fd8\" data-element_type=\"column\" data-e-type=\"column\">\n\t\t\t<div class=\"elementor-widget-wrap elementor-element-populated\">\n\t\t\t\t\t\t<div class=\"elementor-element elementor-element-44455c3 elementor-widget elementor-widget-text-editor\" data-id=\"44455c3\" data-element_type=\"widget\" data-e-type=\"widget\" data-widget_type=\"text-editor.default\">\n\t\t\t\t<div class=\"elementor-widget-container\">\n\t\t\t\t\t\t\t\t\t<p>Vous travaillez chez BVDER ? Nous avons une \u00e9quipe enthousiaste et d\u00e9vou\u00e9e qui accomplit son travail avec passion au quotidien. Ensemble, nous travaillons vers un objectif commun : recycler les flux r\u00e9siduels en produits finis de haute qualit\u00e9, afin de contribuer \u00e0 un meilleur environnement et \u00e0 un monde meilleur pour les g\u00e9n\u00e9rations futures. En tant qu&#8217;employ\u00e9, vous \u00eates au c\u0153ur de cela, car ce n&rsquo;est qu&rsquo;ensemble que nous pourrons atteindre cet objectif. Vous voulez en faire partie&nbsp;!<\/p><p>Rejoindras-tu cette \u00e9quipe ? Consultez la gamme actuelle des postes vacants au sein de notre entreprise&nbsp;:<\/p>\t\t\t\t\t\t\t\t<\/div>\n\t\t\t\t<\/div>\n\t\t\t\t<div class=\"elementor-element elementor-element-e22f4aa elementor-posts--thumbnail-none elementor-posts__hover-none elementor-grid-3 elementor-grid-tablet-2 elementor-grid-mobile-1 elementor-card-shadow-yes elementor-widget elementor-widget-posts\" data-id=\"e22f4aa\" data-element_type=\"widget\" data-e-type=\"widget\" data-settings=\"{&quot;cards_columns&quot;:&quot;3&quot;,&quot;cards_columns_tablet&quot;:&quot;2&quot;,&quot;cards_columns_mobile&quot;:&quot;1&quot;,&quot;cards_row_gap&quot;:{&quot;unit&quot;:&quot;px&quot;,&quot;size&quot;:35,&quot;sizes&quot;:[]},&quot;cards_row_gap_tablet&quot;:{&quot;unit&quot;:&quot;px&quot;,&quot;size&quot;:&quot;&quot;,&quot;sizes&quot;:[]},&quot;cards_row_gap_mobile&quot;:{&quot;unit&quot;:&quot;px&quot;,&quot;size&quot;:&quot;&quot;,&quot;sizes&quot;:[]}}\" data-widget_type=\"posts.cards\">\n\t\t\t\t<div class=\"elementor-widget-container\">\n\t\t\t\t\t\t\t<div class=\"elementor-posts-container elementor-posts elementor-posts--skin-cards elementor-grid\" role=\"list\">\n\t\t\t\t<article class=\"elementor-post elementor-grid-item post-3362 vacatures type-vacatures status-publish hentry locatie-schijndel\" role=\"listitem\">\n\t\t\t<div class=\"elementor-post__card\">\n\t\t\t\t<div class=\"elementor-post__text\">\n\t\t\t\t<h3 class=\"elementor-post__title\">\n\t\t\t<a href=\"https:\/\/bvder.nl\/fr\/vacatures\/meewerkend-voorman\/\" >\n\t\t\t\tMeewerkend Voorman\t\t\t<\/a>\n\t\t<\/h3>\n\t\t\t\t<div class=\"elementor-post__excerpt\">\n\t\t\t<p>Ben jij een enthousiaste en gedreven Meewerkend Voorman of voorrouw met ervaring in het aansturen<\/p>\n\t\t<\/div>\n\t\t\t\t\t<div class=\"elementor-post__read-more-wrapper\">\n\t\t\n\t\t<a class=\"elementor-post__read-more\" href=\"https:\/\/bvder.nl\/fr\/vacatures\/meewerkend-voorman\/\" aria-label=\"En savoir plus sur Meewerkend Voorman\" tabindex=\"-1\" >\n\t\t\tVoir l'offre d'emploi\t\t<\/a>\n\n\t\t\t\t\t<\/div>\n\t\t\t\t<\/div>\n\t\t\t\t\t<\/div>\n\t\t<\/article>\n\t\t\t\t<article class=\"elementor-post elementor-grid-item post-3072 vacatures type-vacatures status-publish hentry locatie-hoek-van-holland\" role=\"listitem\">\n\t\t\t<div class=\"elementor-post__card\">\n\t\t\t\t<div class=\"elementor-post__text\">\n\t\t\t\t<h3 class=\"elementor-post__title\">\n\t\t\t<a href=\"https:\/\/bvder.nl\/fr\/vacatures\/junior-locatiemanager\/\" >\n\t\t\t\tLocatiemanager\t\t\t<\/a>\n\t\t<\/h3>\n\t\t\t\t<div class=\"elementor-post__excerpt\">\n\t\t\t<p>Ben jij een natuurlijke leider met organisatietalent en de drive om een locatie soepel te<\/p>\n\t\t<\/div>\n\t\t\t\t\t<div class=\"elementor-post__read-more-wrapper\">\n\t\t\n\t\t<a class=\"elementor-post__read-more\" href=\"https:\/\/bvder.nl\/fr\/vacatures\/junior-locatiemanager\/\" aria-label=\"En savoir plus sur Locatiemanager\" tabindex=\"-1\" >\n\t\t\tVoir l'offre d'emploi\t\t<\/a>\n\n\t\t\t\t\t<\/div>\n\t\t\t\t<\/div>\n\t\t\t\t\t<\/div>\n\t\t<\/article>\n\t\t\t\t<article class=\"elementor-post elementor-grid-item post-2506 vacatures type-vacatures status-publish hentry locatie-hoek-van-holland\" role=\"listitem\">\n\t\t\t<div class=\"elementor-post__card\">\n\t\t\t\t<div class=\"elementor-post__text\">\n\t\t\t\t<h3 class=\"elementor-post__title\">\n\t\t\t<a href=\"https:\/\/bvder.nl\/fr\/vacatures\/administratief-medewerker\/\" >\n\t\t\t\tKraanmachinist\t\t\t<\/a>\n\t\t<\/h3>\n\t\t\t\t<div class=\"elementor-post__excerpt\">\n\t\t\t<p>Zit jij het liefst tussen het grove werk, met grote machines om je heen en<\/p>\n\t\t<\/div>\n\t\t\t\t\t<div class=\"elementor-post__read-more-wrapper\">\n\t\t\n\t\t<a class=\"elementor-post__read-more\" href=\"https:\/\/bvder.nl\/fr\/vacatures\/administratief-medewerker\/\" aria-label=\"En savoir plus sur Kraanmachinist\" tabindex=\"-1\" >\n\t\t\tVoir l'offre d'emploi\t\t<\/a>\n\n\t\t\t\t\t<\/div>\n\t\t\t\t<\/div>\n\t\t\t\t\t<\/div>\n\t\t<\/article>\n\t\t\t\t<article class=\"elementor-post elementor-grid-item post-2490 vacatures type-vacatures status-publish hentry locatie-hoek-van-holland locatie-schijndel\" role=\"listitem\">\n\t\t\t<div class=\"elementor-post__card\">\n\t\t\t\t<div class=\"elementor-post__text\">\n\t\t\t\t<h3 class=\"elementor-post__title\">\n\t\t\t<a href=\"https:\/\/bvder.nl\/fr\/vacatures\/operationeel-manager\/\" >\n\t\t\t\tAccountmanager Inkoop (Belgi\u00eb\/Frankrijk)\t\t\t<\/a>\n\t\t<\/h3>\n\t\t\t\t<div class=\"elementor-post__excerpt\">\n\t\t\t<p>Vind jij het heerlijk om lekker op pad te zijn, nieuwe plekken te ontdekken en<\/p>\n\t\t<\/div>\n\t\t\t\t\t<div class=\"elementor-post__read-more-wrapper\">\n\t\t\n\t\t<a class=\"elementor-post__read-more\" href=\"https:\/\/bvder.nl\/fr\/vacatures\/operationeel-manager\/\" aria-label=\"En savoir plus sur Accountmanager Inkoop (Belgi\u00eb\/Frankrijk)\" tabindex=\"-1\" >\n\t\t\tVoir l'offre d'emploi\t\t<\/a>\n\n\t\t\t\t\t<\/div>\n\t\t\t\t<\/div>\n\t\t\t\t\t<\/div>\n\t\t<\/article>\n\t\t\t\t<article class=\"elementor-post elementor-grid-item post-2421 vacatures type-vacatures status-publish hentry locatie-hoek-van-holland\" role=\"listitem\">\n\t\t\t<div class=\"elementor-post__card\">\n\t\t\t\t<div class=\"elementor-post__text\">\n\t\t\t\t<h3 class=\"elementor-post__title\">\n\t\t\t<a href=\"https:\/\/bvder.nl\/fr\/vacatures\/logistiek-medewerker-3\/\" >\n\t\t\t\tLogistiek medewerker\t\t\t<\/a>\n\t\t<\/h3>\n\t\t\t\t<div class=\"elementor-post__excerpt\">\n\t\t\t<p>In deze dynamisch rol ben jij verantwoordelijk voor het laden en lossen van vrachtwagens en<\/p>\n\t\t<\/div>\n\t\t\t\t\t<div class=\"elementor-post__read-more-wrapper\">\n\t\t\n\t\t<a class=\"elementor-post__read-more\" href=\"https:\/\/bvder.nl\/fr\/vacatures\/logistiek-medewerker-3\/\" aria-label=\"En savoir plus sur Logistiek medewerker\" tabindex=\"-1\" >\n\t\t\tVoir l'offre d'emploi\t\t<\/a>\n\n\t\t\t\t\t<\/div>\n\t\t\t\t<\/div>\n\t\t\t\t\t<\/div>\n\t\t<\/article>\n\t\t\t\t<article class=\"elementor-post elementor-grid-item post-2405 vacatures type-vacatures status-publish hentry locatie-hoek-van-holland\" role=\"listitem\">\n\t\t\t<div class=\"elementor-post__card\">\n\t\t\t\t<div class=\"elementor-post__text\">\n\t\t\t\t<h3 class=\"elementor-post__title\">\n\t\t\t<a href=\"https:\/\/bvder.nl\/fr\/vacatures\/onderhoudsmonteur\/\" >\n\t\t\t\tOnderhoudsmonteur\t\t\t<\/a>\n\t\t<\/h3>\n\t\t\t\t<div class=\"elementor-post__excerpt\">\n\t\t\t<p>Ben jij een enthousiaste onderhoudsmonteur met expertise in zowel elektrotechniek als mechanica? Lees dan snel<\/p>\n\t\t<\/div>\n\t\t\t\t\t<div class=\"elementor-post__read-more-wrapper\">\n\t\t\n\t\t<a class=\"elementor-post__read-more\" href=\"https:\/\/bvder.nl\/fr\/vacatures\/onderhoudsmonteur\/\" aria-label=\"En savoir plus sur Onderhoudsmonteur\" tabindex=\"-1\" >\n\t\t\tVoir l'offre d'emploi\t\t<\/a>\n\n\t\t\t\t\t<\/div>\n\t\t\t\t<\/div>\n\t\t\t\t\t<\/div>\n\t\t<\/article>\n\t\t\t\t<\/div>\n\t\t\n\t\t\t\t\t\t<\/div>\n\t\t\t\t<\/div>\n\t\t\t\t<div class=\"elementor-element elementor-element-c6b628e elementor-widget elementor-widget-button\" data-id=\"c6b628e\" data-element_type=\"widget\" data-e-type=\"widget\" data-widget_type=\"button.default\">\n\t\t\t\t<div class=\"elementor-widget-container\">\n\t\t\t\t\t\t\t\t\t<div class=\"elementor-button-wrapper\">\n\t\t\t\t\t<a class=\"elementor-button elementor-button-link elementor-size-sm elementor-animation-grow\" href=\"mailto:sollicitatie@bvder.nl\">\n\t\t\t\t\t\t<span class=\"elementor-button-content-wrapper\">\n\t\t\t\t\t\t\t\t\t<span class=\"elementor-button-text\">Postulez directement<\/span>\n\t\t\t\t\t<\/span>\n\t\t\t\t\t<\/a>\n\t\t\t\t<\/div>\n\t\t\t\t\t\t\t\t<\/div>\n\t\t\t\t<\/div>\n\t\t\t\t\t<\/div>\n\t\t<\/div>\n\t\t\t\t\t<\/div>\n\t\t<\/section>\n\t\t\t\t<\/div>\n\t\t","protected":false},"excerpt":{"rendered":"<p>Vous travaillez chez BVDER ? Nous avons une \u00e9quipe enthousiaste et d\u00e9vou\u00e9e qui accomplit son travail avec passion au quotidien. Ensemble, nous travaillons vers un objectif commun : recycler les flux r\u00e9siduels en produits finis de haute qualit\u00e9, afin de contribuer \u00e0 un meilleur environnement et \u00e0 un monde meilleur pour les g\u00e9n\u00e9rations futures. En [&hellip;]<\/p>\n","protected":false},"author":1,"featured_media":0,"parent":0,"menu_order":0,"comment_status":"closed","ping_status":"closed","template":"","meta":{"footnotes":""},"class_list":["post-941","page","type-page","status-publish","hentry"],"_links":{"self":[{"href":"https:\/\/bvder.nl\/fr\/wp-json\/wp\/v2\/pages\/941","targetHints":{"allow":["GET"]}}],"collection":[{"href":"https:\/\/bvder.nl\/fr\/wp-json\/wp\/v2\/pages"}],"about":[{"href":"https:\/\/bvder.nl\/fr\/wp-json\/wp\/v2\/types\/page"}],"author":[{"embeddable":true,"href":"https:\/\/bvder.nl\/fr\/wp-json\/wp\/v2\/users\/1"}],"replies":[{"embeddable":true,"href":"https:\/\/bvder.nl\/fr\/wp-json\/wp\/v2\/comments?post=941"}],"version-history":[{"count":0,"href":"https:\/\/bvder.nl\/fr\/wp-json\/wp\/v2\/pages\/941\/revisions"}],"wp:attachment":[{"href":"https:\/\/bvder.nl\/fr\/wp-json\/wp\/v2\/media?parent=941"}],"curies":[{"name":"wp","href":"https:\/\/api.w.org\/{rel}","templated":true}]}}