{"id":937,"date":"2022-06-02T08:28:45","date_gmt":"2022-06-02T06:28:45","guid":{"rendered":"https:\/\/bvder.nl?page_id=937"},"modified":"2025-02-27T18:03:01","modified_gmt":"2025-02-27T17:03:01","slug":"recyclage-des-big-bag","status":"publish","type":"page","link":"https:\/\/bvder.nl\/fr\/recyclage-des-big-bag\/","title":{"rendered":"Recyclage des Big Bag"},"content":{"rendered":"\t\t<div data-elementor-type=\"wp-page\" data-elementor-id=\"937\" class=\"elementor elementor-937 elementor-320\" data-elementor-post-type=\"page\">\n\t\t\t\t\t\t<section class=\"elementor-section elementor-top-section elementor-element elementor-element-26ac917 elementor-reverse-tablet elementor-reverse-mobile elementor-section-boxed elementor-section-height-default elementor-section-height-default\" data-id=\"26ac917\" data-element_type=\"section\" data-e-type=\"section\">\n\t\t\t\t\t\t<div class=\"elementor-container elementor-column-gap-default\">\n\t\t\t\t\t<div class=\"elementor-column elementor-col-50 elementor-top-column elementor-element elementor-element-2f0b367\" data-id=\"2f0b367\" data-element_type=\"column\" data-e-type=\"column\">\n\t\t\t<div class=\"elementor-widget-wrap elementor-element-populated\">\n\t\t\t\t\t\t<div class=\"elementor-element elementor-element-e4123e2 elementor-widget elementor-widget-image\" data-id=\"e4123e2\" data-element_type=\"widget\" data-e-type=\"widget\" data-widget_type=\"image.default\">\n\t\t\t\t<div class=\"elementor-widget-container\">\n\t\t\t\t\t\t\t\t\t\t\t\t\t\t\t<img fetchpriority=\"high\" decoding=\"async\" width=\"2560\" height=\"2245\" src=\"https:\/\/bvder.nl\/wp-content\/uploads\/2023\/05\/c-scaled.jpg\" class=\"attachment-full size-full wp-image-1504\" alt=\"\" srcset=\"https:\/\/bvder.nl\/wp-content\/uploads\/2023\/05\/c-scaled.jpg 2560w, https:\/\/bvder.nl\/wp-content\/uploads\/2023\/05\/c-300x263.jpg 300w, https:\/\/bvder.nl\/wp-content\/uploads\/2023\/05\/c-1024x898.jpg 1024w, https:\/\/bvder.nl\/wp-content\/uploads\/2023\/05\/c-768x674.jpg 768w, https:\/\/bvder.nl\/wp-content\/uploads\/2023\/05\/c-1536x1347.jpg 1536w, https:\/\/bvder.nl\/wp-content\/uploads\/2023\/05\/c-2048x1796.jpg 2048w\" sizes=\"(max-width: 2560px) 100vw, 2560px\" \/>\t\t\t\t\t\t\t\t\t\t\t\t\t\t\t<\/div>\n\t\t\t\t<\/div>\n\t\t\t\t\t<\/div>\n\t\t<\/div>\n\t\t\t\t<div class=\"elementor-column elementor-col-50 elementor-top-column elementor-element elementor-element-7fd8fb1\" data-id=\"7fd8fb1\" data-element_type=\"column\" data-e-type=\"column\">\n\t\t\t<div class=\"elementor-widget-wrap elementor-element-populated\">\n\t\t\t\t\t\t<div class=\"elementor-element elementor-element-1fa7708 elementor-widget elementor-widget-text-editor\" data-id=\"1fa7708\" data-element_type=\"widget\" data-e-type=\"widget\" data-widget_type=\"text-editor.default\">\n\t\t\t\t<div class=\"elementor-widget-container\">\n\t\t\t\t\t\t\t\t\t<p>Vous pouvez vous adresser directement \u00e0 BVDER pour le recyclage des Big Bags Ils peuvent \u00eatre achet\u00e9s s\u00e9par\u00e9ment ou en ballots. La seule condition est que les Big Bags doivent \u00eatre livr\u00e9s vides \u00e0 tout moment. Apr\u00e8s la collecte, le processus de recyclage est lanc\u00e9 sur notre site de Hoek van Holland. Nous transformons ici les qualit\u00e9s suivantes des Big Bags en une nouvelle mati\u00e8re premi\u00e8re :<\/p>\t\t\t\t\t\t\t\t<\/div>\n\t\t\t\t<\/div>\n\t\t\t\t<div class=\"elementor-element elementor-element-b2d6bfe elementor-icon-list--layout-traditional elementor-list-item-link-full_width elementor-widget elementor-widget-icon-list\" data-id=\"b2d6bfe\" data-element_type=\"widget\" data-e-type=\"widget\" data-widget_type=\"icon-list.default\">\n\t\t\t\t<div class=\"elementor-widget-container\">\n\t\t\t\t\t\t\t<ul class=\"elementor-icon-list-items\">\n\t\t\t\t\t\t\t<li class=\"elementor-icon-list-item\">\n\t\t\t\t\t\t\t\t\t\t\t<span class=\"elementor-icon-list-icon\">\n\t\t\t\t\t\t\t<i aria-hidden=\"true\" class=\"fas fa-check\"><\/i>\t\t\t\t\t\t<\/span>\n\t\t\t\t\t\t\t\t\t\t<span class=\"elementor-icon-list-text\">Qualit\u00e9 de type A<\/span>\n\t\t\t\t\t\t\t\t\t<\/li>\n\t\t\t\t\t\t\t\t<li class=\"elementor-icon-list-item\">\n\t\t\t\t\t\t\t\t\t\t\t<span class=\"elementor-icon-list-icon\">\n\t\t\t\t\t\t\t<i aria-hidden=\"true\" class=\"fas fa-check\"><\/i>\t\t\t\t\t\t<\/span>\n\t\t\t\t\t\t\t\t\t\t<span class=\"elementor-icon-list-text\">Qualit\u00e9 de type B<\/span>\n\t\t\t\t\t\t\t\t\t<\/li>\n\t\t\t\t\t\t\t\t<li class=\"elementor-icon-list-item\">\n\t\t\t\t\t\t\t\t\t\t\t<span class=\"elementor-icon-list-icon\">\n\t\t\t\t\t\t\t<i aria-hidden=\"true\" class=\"fas fa-check\"><\/i>\t\t\t\t\t\t<\/span>\n\t\t\t\t\t\t\t\t\t\t<span class=\"elementor-icon-list-text\">Qualit\u00e9 de type C<\/span>\n\t\t\t\t\t\t\t\t\t<\/li>\n\t\t\t\t\t\t<\/ul>\n\t\t\t\t\t\t<\/div>\n\t\t\t\t<\/div>\n\t\t\t\t<div class=\"elementor-element elementor-element-21be2b6 elementor-widget elementor-widget-text-editor\" data-id=\"21be2b6\" data-element_type=\"widget\" data-e-type=\"widget\" data-widget_type=\"text-editor.default\">\n\t\t\t\t<div class=\"elementor-widget-container\">\n\t\t\t\t\t\t\t\t\t<p>Malheureusement, nous ne sommes pas en mesure de collecter les Big Bags suivants :<\/p>\t\t\t\t\t\t\t\t<\/div>\n\t\t\t\t<\/div>\n\t\t\t\t<div class=\"elementor-element elementor-element-2e9d9c6 elementor-icon-list--layout-traditional elementor-list-item-link-full_width elementor-widget elementor-widget-icon-list\" data-id=\"2e9d9c6\" data-element_type=\"widget\" data-e-type=\"widget\" data-widget_type=\"icon-list.default\">\n\t\t\t\t<div class=\"elementor-widget-container\">\n\t\t\t\t\t\t\t<ul class=\"elementor-icon-list-items\">\n\t\t\t\t\t\t\t<li class=\"elementor-icon-list-item\">\n\t\t\t\t\t\t\t\t\t\t\t<span class=\"elementor-icon-list-icon\">\n\t\t\t\t\t\t\t<i aria-hidden=\"true\" class=\"fas fa-minus-circle\"><\/i>\t\t\t\t\t\t<\/span>\n\t\t\t\t\t\t\t\t\t\t<span class=\"elementor-icon-list-text\">Les Big Bags ayant contenu des substances chimiques<\/span>\n\t\t\t\t\t\t\t\t\t<\/li>\n\t\t\t\t\t\t\t\t<li class=\"elementor-icon-list-item\">\n\t\t\t\t\t\t\t\t\t\t\t<span class=\"elementor-icon-list-icon\">\n\t\t\t\t\t\t\t<i aria-hidden=\"true\" class=\"fas fa-minus-circle\"><\/i>\t\t\t\t\t\t<\/span>\n\t\t\t\t\t\t\t\t\t\t<span class=\"elementor-icon-list-text\">Les Big Bags avec une Doublure en Aluminium<\/span>\n\t\t\t\t\t\t\t\t\t<\/li>\n\t\t\t\t\t\t<\/ul>\n\t\t\t\t\t\t<\/div>\n\t\t\t\t<\/div>\n\t\t\t\t<div class=\"elementor-element elementor-element-53035c4 elementor-widget elementor-widget-spacer\" data-id=\"53035c4\" data-element_type=\"widget\" data-e-type=\"widget\" data-widget_type=\"spacer.default\">\n\t\t\t\t<div class=\"elementor-widget-container\">\n\t\t\t\t\t\t\t<div class=\"elementor-spacer\">\n\t\t\t<div class=\"elementor-spacer-inner\"><\/div>\n\t\t<\/div>\n\t\t\t\t\t\t<\/div>\n\t\t\t\t<\/div>\n\t\t\t\t<section class=\"elementor-section elementor-inner-section elementor-element elementor-element-6773d1b elementor-section-content-middle elementor-section-boxed elementor-section-height-default elementor-section-height-default\" data-id=\"6773d1b\" data-element_type=\"section\" data-e-type=\"section\">\n\t\t\t\t\t\t<div class=\"elementor-container elementor-column-gap-default\">\n\t\t\t\t\t<div class=\"elementor-column elementor-col-50 elementor-inner-column elementor-element elementor-element-f07fd04\" data-id=\"f07fd04\" data-element_type=\"column\" data-e-type=\"column\">\n\t\t\t<div class=\"elementor-widget-wrap elementor-element-populated\">\n\t\t\t\t\t\t<div class=\"elementor-element elementor-element-ec18d8f elementor-widget elementor-widget-image\" data-id=\"ec18d8f\" data-element_type=\"widget\" data-e-type=\"widget\" data-widget_type=\"image.default\">\n\t\t\t\t<div class=\"elementor-widget-container\">\n\t\t\t\t\t\t\t\t\t\t\t\t\t\t\t<img decoding=\"async\" width=\"2878\" height=\"794\" src=\"https:\/\/bvder.nl\/wp-content\/uploads\/2025\/02\/EuCertPlast-Logo-1.png\" class=\"attachment-full size-full wp-image-2621\" alt=\"\" srcset=\"https:\/\/bvder.nl\/wp-content\/uploads\/2025\/02\/EuCertPlast-Logo-1.png 2878w, https:\/\/bvder.nl\/wp-content\/uploads\/2025\/02\/EuCertPlast-Logo-1-300x83.png 300w, https:\/\/bvder.nl\/wp-content\/uploads\/2025\/02\/EuCertPlast-Logo-1-1024x283.png 1024w, https:\/\/bvder.nl\/wp-content\/uploads\/2025\/02\/EuCertPlast-Logo-1-768x212.png 768w, https:\/\/bvder.nl\/wp-content\/uploads\/2025\/02\/EuCertPlast-Logo-1-1536x424.png 1536w, https:\/\/bvder.nl\/wp-content\/uploads\/2025\/02\/EuCertPlast-Logo-1-2048x565.png 2048w\" sizes=\"(max-width: 2878px) 100vw, 2878px\" \/>\t\t\t\t\t\t\t\t\t\t\t\t\t\t\t<\/div>\n\t\t\t\t<\/div>\n\t\t\t\t\t<\/div>\n\t\t<\/div>\n\t\t\t\t<div class=\"elementor-column elementor-col-50 elementor-inner-column elementor-element elementor-element-1db2800\" data-id=\"1db2800\" data-element_type=\"column\" data-e-type=\"column\">\n\t\t\t<div class=\"elementor-widget-wrap elementor-element-populated\">\n\t\t\t\t\t\t<div class=\"elementor-element elementor-element-19d6edd elementor-widget elementor-widget-image\" data-id=\"19d6edd\" data-element_type=\"widget\" data-e-type=\"widget\" data-widget_type=\"image.default\">\n\t\t\t\t<div class=\"elementor-widget-container\">\n\t\t\t\t\t\t\t\t\t\t\t\t\t\t\t<img decoding=\"async\" width=\"711\" height=\"369\" src=\"https:\/\/bvder.nl\/wp-content\/uploads\/2025\/02\/recyclass-1.png\" class=\"attachment-full size-full wp-image-2625\" alt=\"\" srcset=\"https:\/\/bvder.nl\/wp-content\/uploads\/2025\/02\/recyclass-1.png 711w, https:\/\/bvder.nl\/wp-content\/uploads\/2025\/02\/recyclass-1-300x156.png 300w\" sizes=\"(max-width: 711px) 100vw, 711px\" \/>\t\t\t\t\t\t\t\t\t\t\t\t\t\t\t<\/div>\n\t\t\t\t<\/div>\n\t\t\t\t\t<\/div>\n\t\t<\/div>\n\t\t\t\t\t<\/div>\n\t\t<\/section>\n\t\t\t\t\t<\/div>\n\t\t<\/div>\n\t\t\t\t\t<\/div>\n\t\t<\/section>\n\t\t\t\t<\/div>\n\t\t","protected":false},"excerpt":{"rendered":"<p>Vous pouvez vous adresser directement \u00e0 BVDER pour le recyclage des Big Bags Ils peuvent \u00eatre achet\u00e9s s\u00e9par\u00e9ment ou en ballots. La seule condition est que les Big Bags doivent \u00eatre livr\u00e9s vides \u00e0 tout moment. Apr\u00e8s la collecte, le processus de recyclage est lanc\u00e9 sur notre site de Hoek van Holland. Nous transformons ici [&hellip;]<\/p>\n","protected":false},"author":1,"featured_media":0,"parent":0,"menu_order":0,"comment_status":"closed","ping_status":"closed","template":"","meta":{"footnotes":""},"class_list":["post-937","page","type-page","status-publish","hentry"],"_links":{"self":[{"href":"https:\/\/bvder.nl\/fr\/wp-json\/wp\/v2\/pages\/937","targetHints":{"allow":["GET"]}}],"collection":[{"href":"https:\/\/bvder.nl\/fr\/wp-json\/wp\/v2\/pages"}],"about":[{"href":"https:\/\/bvder.nl\/fr\/wp-json\/wp\/v2\/types\/page"}],"author":[{"embeddable":true,"href":"https:\/\/bvder.nl\/fr\/wp-json\/wp\/v2\/users\/1"}],"replies":[{"embeddable":true,"href":"https:\/\/bvder.nl\/fr\/wp-json\/wp\/v2\/comments?post=937"}],"version-history":[{"count":0,"href":"https:\/\/bvder.nl\/fr\/wp-json\/wp\/v2\/pages\/937\/revisions"}],"wp:attachment":[{"href":"https:\/\/bvder.nl\/fr\/wp-json\/wp\/v2\/media?parent=937"}],"curies":[{"name":"wp","href":"https:\/\/api.w.org\/{rel}","templated":true}]}}