{"id":919,"date":"2022-06-02T08:11:20","date_gmt":"2022-06-02T08:11:20","guid":{"rendered":"https:\/\/bvder.nl?page_id=919"},"modified":"2022-07-13T05:51:36","modified_gmt":"2022-07-13T05:51:36","slug":"le-recyclage","status":"publish","type":"page","link":"https:\/\/bvder.nl\/fr\/le-recyclage\/","title":{"rendered":"Le recyclage"},"content":{"rendered":"\t\t<div data-elementor-type=\"wp-page\" data-elementor-id=\"919\" class=\"elementor elementor-919 elementor-298\" data-elementor-post-type=\"page\">\n\t\t\t\t\t\t<section class=\"elementor-section elementor-top-section elementor-element elementor-element-992d469 elementor-section-boxed elementor-section-height-default elementor-section-height-default\" data-id=\"992d469\" data-element_type=\"section\" data-e-type=\"section\">\n\t\t\t\t\t\t<div class=\"elementor-container elementor-column-gap-default\">\n\t\t\t\t\t<div class=\"elementor-column elementor-col-100 elementor-top-column elementor-element elementor-element-8173011\" data-id=\"8173011\" data-element_type=\"column\" data-e-type=\"column\">\n\t\t\t<div class=\"elementor-widget-wrap elementor-element-populated\">\n\t\t\t\t\t\t<div class=\"elementor-element elementor-element-11c7c9c elementor-widget elementor-widget-heading\" data-id=\"11c7c9c\" data-element_type=\"widget\" data-e-type=\"widget\" data-widget_type=\"heading.default\">\n\t\t\t\t<div class=\"elementor-widget-container\">\n\t\t\t\t\t<h2 class=\"elementor-heading-title elementor-size-default\">Pourquoi Recycler ?<\/h2>\t\t\t\t<\/div>\n\t\t\t\t<\/div>\n\t\t\t\t<div class=\"elementor-element elementor-element-cbef95a elementor-widget elementor-widget-text-editor\" data-id=\"cbef95a\" data-element_type=\"widget\" data-e-type=\"widget\" data-widget_type=\"text-editor.default\">\n\t\t\t\t<div class=\"elementor-widget-container\">\n\t\t\t\t\t\t\t\t\t<p>Chaque jour, des kilos de d\u00e9chets sont jet\u00e9s. Ces d\u00e9chets ont beaucoup plus de valeur que vous ne le pensez. En recyclant les d\u00e9chets, nous \u00e9conomisons des mati\u00e8res premi\u00e8res et de l&rsquo;\u00e9nergie et, ce faisant, nous contribuons \u00e0 un meilleur environnement et \u00e0 un monde meilleur pour les g\u00e9n\u00e9rations futures.<\/p><p>En tant qu&rsquo;entreprise de recyclage moderne et avanc\u00e9e, BVDER dispose des machines et des techniques les plus r\u00e9centes pour s\u00e9parer correctement de plus en plus de mati\u00e8res premi\u00e8res et les transformer en un broyat de haute qualit\u00e9. Nous collectons toutes sortes de plastiques durs provenant du secteur horticole, tels que les tubes d&rsquo;arrosage et les pots de fleurs, ainsi que les d\u00e9chets de consommation tels que les bacs de poubelles, les caisses, les jouets, pour ne citer que ces derniers. . Dans notre processus de recyclage, nous respectons les exigences les plus \u00e9lev\u00e9es en mati\u00e8re d&rsquo;environnement et de qualit\u00e9. Par exemple, nous investissons continuellement dans du personnel qualifi\u00e9 et enthousiaste et dans nos lignes de production La qualit\u00e9, l&rsquo;efficacit\u00e9 et la durabilit\u00e9 sont d&rsquo;une importance capitale pour nous.<\/p><p>En tant que sp\u00e9cialiste du secteur des d\u00e9chets, nous garantissons le recyclage durable de vos flux de d\u00e9tritus. Notre point de d\u00e9part est toujours la pr\u00e9servation des mati\u00e8res premi\u00e8res. Gr\u00e2ce \u00e0 nos proc\u00e9d\u00e9s, nous r\u00e9duisons l&rsquo;utilisation de combustibles fossiles et les \u00e9missions de <sub>CO2<\/sub>. Nos mati\u00e8res premi\u00e8res recycl\u00e9es sont la base de produits durables que vous trouverez dans de nouveaux produits en plastique ou qui sont utilis\u00e9s pour les granul\u00e9s. De cette fa\u00e7on, vos flux de d\u00e9chets retrouvent leur valeur et nous avons un r\u00e9el impact sur l&rsquo;environnement.<\/p>\t\t\t\t\t\t\t\t<\/div>\n\t\t\t\t<\/div>\n\t\t\t\t<section class=\"elementor-section elementor-inner-section elementor-element elementor-element-9704965 elementor-section-boxed elementor-section-height-default elementor-section-height-default\" data-id=\"9704965\" data-element_type=\"section\" data-e-type=\"section\">\n\t\t\t\t\t\t<div class=\"elementor-container elementor-column-gap-default\">\n\t\t\t\t\t<div class=\"elementor-column elementor-col-50 elementor-inner-column elementor-element elementor-element-75662ea\" data-id=\"75662ea\" data-element_type=\"column\" data-e-type=\"column\">\n\t\t\t<div class=\"elementor-widget-wrap elementor-element-populated\">\n\t\t\t\t\t\t<div class=\"elementor-element elementor-element-46ad92f elementor-widget elementor-widget-heading\" data-id=\"46ad92f\" data-element_type=\"widget\" data-e-type=\"widget\" data-widget_type=\"heading.default\">\n\t\t\t\t<div class=\"elementor-widget-container\">\n\t\t\t\t\t<h2 class=\"elementor-heading-title elementor-size-default\">Le cycle du recyclage<\/h2>\t\t\t\t<\/div>\n\t\t\t\t<\/div>\n\t\t\t\t<div class=\"elementor-element elementor-element-07256c7 elementor-widget elementor-widget-text-editor\" data-id=\"07256c7\" data-element_type=\"widget\" data-e-type=\"widget\" data-widget_type=\"text-editor.default\">\n\t\t\t\t<div class=\"elementor-widget-container\">\n\t\t\t\t\t\t\t\t\t<p>Le recyclage signifie litt\u00e9ralement \u00ab r\u00e9utiliser \u00bb. Les mati\u00e8res premi\u00e8res provenant des d\u00e9chets sont r\u00e9utilis\u00e9es pour fabriquer quelque chose de nouveau. Ce cycle permet d&rsquo;\u00e9conomiser \u00e0 la fois les mati\u00e8res premi\u00e8res et l&rsquo;\u00e9nergie. Ce cycle est appliqu\u00e9 et mis en \u0153uvre de mani\u00e8re transparente au sein de notre entreprise<\/p><p>Les vieux plastiques durs nous sont apport\u00e9s, apr\u00e8s quoi nous entamons le processus de recyclage. Les d\u00e9chets sont broy\u00e9s, lav\u00e9s, s\u00e9par\u00e9s et \u00e0 nouveau broy\u00e9s. Le produit final est un mat\u00e9riau de broyage s\u00e9ch\u00e9 de haute qualit\u00e9 destin\u00e9 \u00e0 l&rsquo;industrie manufacturi\u00e8re, qui utilise ensuite nos produits pour fabriquer de nouveaux produits en plastique. De cette fa\u00e7on, nous contribuons \u00e0 un monde plus propre et plus s\u00fbr !<\/p>\t\t\t\t\t\t\t\t<\/div>\n\t\t\t\t<\/div>\n\t\t\t\t\t<\/div>\n\t\t<\/div>\n\t\t\t\t<div class=\"elementor-column elementor-col-50 elementor-inner-column elementor-element elementor-element-dc71d27\" data-id=\"dc71d27\" data-element_type=\"column\" data-e-type=\"column\">\n\t\t\t<div class=\"elementor-widget-wrap elementor-element-populated\">\n\t\t\t\t\t\t<div class=\"elementor-element elementor-element-cc09250 elementor-widget__width-initial elementor-widget elementor-widget-image\" data-id=\"cc09250\" data-element_type=\"widget\" data-e-type=\"widget\" data-widget_type=\"image.default\">\n\t\t\t\t<div class=\"elementor-widget-container\">\n\t\t\t\t\t\t\t\t\t\t\t\t\t\t\t<img fetchpriority=\"high\" decoding=\"async\" width=\"800\" height=\"800\" src=\"https:\/\/bvder.nl\/wp-content\/uploads\/2022\/06\/Recycle_proces_FR-1024x1024.png\" class=\"attachment-large size-large wp-image-897\" alt=\"\" srcset=\"https:\/\/bvder.nl\/wp-content\/uploads\/2022\/06\/Recycle_proces_FR-1024x1024.png 1024w, https:\/\/bvder.nl\/wp-content\/uploads\/2022\/06\/Recycle_proces_FR-300x300.png 300w, https:\/\/bvder.nl\/wp-content\/uploads\/2022\/06\/Recycle_proces_FR-150x150.png 150w, https:\/\/bvder.nl\/wp-content\/uploads\/2022\/06\/Recycle_proces_FR-768x768.png 768w, https:\/\/bvder.nl\/wp-content\/uploads\/2022\/06\/Recycle_proces_FR-1536x1536.png 1536w, https:\/\/bvder.nl\/wp-content\/uploads\/2022\/06\/Recycle_proces_FR-2048x2048.png 2048w\" sizes=\"(max-width: 800px) 100vw, 800px\" \/>\t\t\t\t\t\t\t\t\t\t\t\t\t\t\t<\/div>\n\t\t\t\t<\/div>\n\t\t\t\t\t<\/div>\n\t\t<\/div>\n\t\t\t\t\t<\/div>\n\t\t<\/section>\n\t\t\t\t<div class=\"elementor-element elementor-element-cd5e10b elementor-align-left elementor-widget elementor-widget-button\" data-id=\"cd5e10b\" data-element_type=\"widget\" data-e-type=\"widget\" data-widget_type=\"button.default\">\n\t\t\t\t<div class=\"elementor-widget-container\">\n\t\t\t\t\t\t\t\t\t<div class=\"elementor-button-wrapper\">\n\t\t\t\t\t<a class=\"elementor-button elementor-button-link elementor-size-sm elementor-animation-grow\" href=\"https:\/\/bvder.nl?page_id=290\">\n\t\t\t\t\t\t<span class=\"elementor-button-content-wrapper\">\n\t\t\t\t\t\t<span class=\"elementor-button-icon\">\n\t\t\t\t<i aria-hidden=\"true\" class=\"fas fa-caret-right\"><\/i>\t\t\t<\/span>\n\t\t\t\t\t\t\t\t\t<span class=\"elementor-button-text\">Voir nos produits<\/span>\n\t\t\t\t\t<\/span>\n\t\t\t\t\t<\/a>\n\t\t\t\t<\/div>\n\t\t\t\t\t\t\t\t<\/div>\n\t\t\t\t<\/div>\n\t\t\t\t\t<\/div>\n\t\t<\/div>\n\t\t\t\t\t<\/div>\n\t\t<\/section>\n\t\t\t\t<\/div>\n\t\t","protected":false},"excerpt":{"rendered":"<p>Pourquoi Recycler ? Chaque jour, des kilos de d\u00e9chets sont jet\u00e9s. Ces d\u00e9chets ont beaucoup plus de valeur que vous ne le pensez. En recyclant les d\u00e9chets, nous \u00e9conomisons des mati\u00e8res premi\u00e8res et de l&rsquo;\u00e9nergie et, ce faisant, nous contribuons \u00e0 un meilleur environnement et \u00e0 un monde meilleur pour les g\u00e9n\u00e9rations futures. En tant [&hellip;]<\/p>\n","protected":false},"author":1,"featured_media":0,"parent":0,"menu_order":0,"comment_status":"closed","ping_status":"closed","template":"elementor_header_footer","meta":{"footnotes":""},"class_list":["post-919","page","type-page","status-publish","hentry"],"_links":{"self":[{"href":"https:\/\/bvder.nl\/fr\/wp-json\/wp\/v2\/pages\/919","targetHints":{"allow":["GET"]}}],"collection":[{"href":"https:\/\/bvder.nl\/fr\/wp-json\/wp\/v2\/pages"}],"about":[{"href":"https:\/\/bvder.nl\/fr\/wp-json\/wp\/v2\/types\/page"}],"author":[{"embeddable":true,"href":"https:\/\/bvder.nl\/fr\/wp-json\/wp\/v2\/users\/1"}],"replies":[{"embeddable":true,"href":"https:\/\/bvder.nl\/fr\/wp-json\/wp\/v2\/comments?post=919"}],"version-history":[{"count":0,"href":"https:\/\/bvder.nl\/fr\/wp-json\/wp\/v2\/pages\/919\/revisions"}],"wp:attachment":[{"href":"https:\/\/bvder.nl\/fr\/wp-json\/wp\/v2\/media?parent=919"}],"curies":[{"name":"wp","href":"https:\/\/api.w.org\/{rel}","templated":true}]}}