{"id":1685,"date":"2023-12-20T14:08:40","date_gmt":"2023-12-20T13:08:40","guid":{"rendered":"https:\/\/bvder.nl\/a-propos-de-nous\/"},"modified":"2024-04-25T10:19:48","modified_gmt":"2024-04-25T08:19:48","slug":"a-propos-de-nous","status":"publish","type":"page","link":"https:\/\/bvder.nl\/fr\/a-propos-de-nous\/","title":{"rendered":"A propos de nous"},"content":{"rendered":"\t\t<div data-elementor-type=\"wp-page\" data-elementor-id=\"1685\" class=\"elementor elementor-1685 elementor-1618\" data-elementor-post-type=\"page\">\n\t\t\t\t\t\t<section class=\"elementor-section elementor-top-section elementor-element elementor-element-c5f0fee elementor-section-boxed elementor-section-height-default elementor-section-height-default\" data-id=\"c5f0fee\" data-element_type=\"section\" data-e-type=\"section\">\n\t\t\t\t\t\t<div class=\"elementor-container elementor-column-gap-default\">\n\t\t\t\t\t<div class=\"elementor-column elementor-col-100 elementor-top-column elementor-element elementor-element-c5d67a7\" data-id=\"c5d67a7\" data-element_type=\"column\" data-e-type=\"column\">\n\t\t\t<div class=\"elementor-widget-wrap elementor-element-populated\">\n\t\t\t\t\t\t<div class=\"elementor-element elementor-element-6cab58d elementor-widget elementor-widget-text-editor\" data-id=\"6cab58d\" data-element_type=\"widget\" data-e-type=\"widget\" data-widget_type=\"text-editor.default\">\n\t\t\t\t<div class=\"elementor-widget-container\">\n\t\t\t\t\t\t\t\t\t<p style=\"font-weight: 400;\"><span data-markjs=\"true\">BVDER<\/span> est une entreprise de recyclage de premier plan qui est \u00e0 la pointe du progr\u00e8s en mati\u00e8re de s\u00e9paration des mati\u00e8res premi\u00e8res en utilisant les machines et les technologies les plus avanc\u00e9es. Notre objectif est de s\u00e9parer efficacement un nombre croissant de mati\u00e8res premi\u00e8res et de les transformer en mat\u00e9riaux de broyage de haute qualit\u00e9. Nous collectons diff\u00e9rents types de plastiques durs issus de l&rsquo;horticulture, notamment des tubes de goutte \u00e0 goutte et des pots, ainsi que des d\u00e9chets de consommation tels que des conteneurs \u00e0 d\u00e9chets, des caisses et des jouets. Dans notre processus de recyclage, nous respectons les normes environnementales et de qualit\u00e9 les plus strictes. Nous investissons continuellement dans un personnel comp\u00e9tent et motiv\u00e9 et dans l&rsquo;am\u00e9lioration de nos lignes de production. Chez <span data-markjs=\"true\">BVDER<\/span>, la qualit\u00e9, l&rsquo;efficacit\u00e9 et la durabilit\u00e9 sont essentielles.<\/p>\t\t\t\t\t\t\t\t<\/div>\n\t\t\t\t<\/div>\n\t\t\t\t<div class=\"elementor-element elementor-element-1b7c70c elementor-widget elementor-widget-button\" data-id=\"1b7c70c\" data-element_type=\"widget\" data-e-type=\"widget\" data-widget_type=\"button.default\">\n\t\t\t\t<div class=\"elementor-widget-container\">\n\t\t\t\t\t\t\t\t\t<div class=\"elementor-button-wrapper\">\n\t\t\t\t\t<a class=\"elementor-button elementor-button-link elementor-size-sm\" href=\"https:\/\/bvder.nl\/fr\/notre-equipe\/\">\n\t\t\t\t\t\t<span class=\"elementor-button-content-wrapper\">\n\t\t\t\t\t\t\t\t\t<span class=\"elementor-button-text\">Rencontrez notre \u00e9quipe<\/span>\n\t\t\t\t\t<\/span>\n\t\t\t\t\t<\/a>\n\t\t\t\t<\/div>\n\t\t\t\t\t\t\t\t<\/div>\n\t\t\t\t<\/div>\n\t\t\t\t\t<\/div>\n\t\t<\/div>\n\t\t\t\t\t<\/div>\n\t\t<\/section>\n\t\t\t\t<\/div>\n\t\t","protected":false},"excerpt":{"rendered":"<p>BVDER est une entreprise de recyclage de premier plan qui est \u00e0 la pointe du progr\u00e8s en mati\u00e8re de s\u00e9paration des mati\u00e8res premi\u00e8res en utilisant les machines et les technologies les plus avanc\u00e9es. Notre objectif est de s\u00e9parer efficacement un nombre croissant de mati\u00e8res premi\u00e8res et de les transformer en mat\u00e9riaux de broyage de haute [&hellip;]<\/p>\n","protected":false},"author":1,"featured_media":0,"parent":0,"menu_order":0,"comment_status":"closed","ping_status":"closed","template":"","meta":{"footnotes":""},"class_list":["post-1685","page","type-page","status-publish","hentry"],"_links":{"self":[{"href":"https:\/\/bvder.nl\/fr\/wp-json\/wp\/v2\/pages\/1685","targetHints":{"allow":["GET"]}}],"collection":[{"href":"https:\/\/bvder.nl\/fr\/wp-json\/wp\/v2\/pages"}],"about":[{"href":"https:\/\/bvder.nl\/fr\/wp-json\/wp\/v2\/types\/page"}],"author":[{"embeddable":true,"href":"https:\/\/bvder.nl\/fr\/wp-json\/wp\/v2\/users\/1"}],"replies":[{"embeddable":true,"href":"https:\/\/bvder.nl\/fr\/wp-json\/wp\/v2\/comments?post=1685"}],"version-history":[{"count":0,"href":"https:\/\/bvder.nl\/fr\/wp-json\/wp\/v2\/pages\/1685\/revisions"}],"wp:attachment":[{"href":"https:\/\/bvder.nl\/fr\/wp-json\/wp\/v2\/media?parent=1685"}],"curies":[{"name":"wp","href":"https:\/\/api.w.org\/{rel}","templated":true}]}}