{"id":907,"date":"2022-06-02T11:01:57","date_gmt":"2022-06-02T11:01:57","guid":{"rendered":"https:\/\/bvder.nl?page_id=907"},"modified":"2022-06-10T10:07:09","modified_gmt":"2022-06-10T10:07:09","slug":"neuigkeiten","status":"publish","type":"page","link":"https:\/\/bvder.nl\/de\/neuigkeiten\/","title":{"rendered":"Neuigkeiten"},"content":{"rendered":"\t\t<div data-elementor-type=\"wp-page\" data-elementor-id=\"907\" class=\"elementor elementor-907 elementor-410\" data-elementor-post-type=\"page\">\n\t\t\t\t\t\t<section class=\"elementor-section elementor-top-section elementor-element elementor-element-faa7c53 elementor-section-boxed elementor-section-height-default elementor-section-height-default\" data-id=\"faa7c53\" data-element_type=\"section\" data-e-type=\"section\">\n\t\t\t\t\t\t<div class=\"elementor-container elementor-column-gap-default\">\n\t\t\t\t\t<div class=\"elementor-column elementor-col-100 elementor-top-column elementor-element elementor-element-598252f\" data-id=\"598252f\" data-element_type=\"column\" data-e-type=\"column\">\n\t\t\t<div class=\"elementor-widget-wrap elementor-element-populated\">\n\t\t\t\t\t\t<div class=\"elementor-element elementor-element-b918065 elementor-posts--thumbnail-none elementor-posts__hover-none elementor-grid-3 elementor-grid-tablet-2 elementor-grid-mobile-1 elementor-card-shadow-yes elementor-widget elementor-widget-posts\" data-id=\"b918065\" data-element_type=\"widget\" data-e-type=\"widget\" data-settings=\"{&quot;cards_columns&quot;:&quot;3&quot;,&quot;cards_columns_tablet&quot;:&quot;2&quot;,&quot;cards_columns_mobile&quot;:&quot;1&quot;,&quot;cards_row_gap&quot;:{&quot;unit&quot;:&quot;px&quot;,&quot;size&quot;:35,&quot;sizes&quot;:[]},&quot;cards_row_gap_tablet&quot;:{&quot;unit&quot;:&quot;px&quot;,&quot;size&quot;:&quot;&quot;,&quot;sizes&quot;:[]},&quot;cards_row_gap_mobile&quot;:{&quot;unit&quot;:&quot;px&quot;,&quot;size&quot;:&quot;&quot;,&quot;sizes&quot;:[]}}\" data-widget_type=\"posts.cards\">\n\t\t\t\t<div class=\"elementor-widget-container\">\n\t\t\t\t\t\t\t<div class=\"elementor-posts-container elementor-posts elementor-posts--skin-cards elementor-grid\" role=\"list\">\n\t\t\t\t<article class=\"elementor-post elementor-grid-item post-3392 post type-post status-publish format-standard hentry category-unkategorisiert\" role=\"listitem\">\n\t\t\t<div class=\"elementor-post__card\">\n\t\t\t\t<div class=\"elementor-post__text\">\n\t\t\t\t<h2 class=\"elementor-post__title\">\n\t\t\t<a href=\"https:\/\/bvder.nl\/de\/umbauarbeiten-an-der-linie-2-in-hoek-van-holland\/\" >\n\t\t\t\tUmbauarbeiten an der Linie 2 in Hoek van Holland\t\t\t<\/a>\n\t\t<\/h2>\n\t\t\t\t<div class=\"elementor-post__excerpt\">\n\t\t\t<p>Hoek van Holland \u2013 19. M\u00e4rz 2026 Bas van den Ende Kunststof Recycling gibt stolz eine wichtige Umbauma\u00dfnahme an der<\/p>\n\t\t<\/div>\n\t\t\t\t\t<div class=\"elementor-post__read-more-wrapper\">\n\t\t\n\t\t<a class=\"elementor-post__read-more\" href=\"https:\/\/bvder.nl\/de\/umbauarbeiten-an-der-linie-2-in-hoek-van-holland\/\" aria-label=\"Mehr \u00fcber Umbauarbeiten an der Linie 2 in Hoek van Holland\" tabindex=\"-1\" >\n\t\t\tWeiterlesen\t\t<\/a>\n\n\t\t\t\t\t<\/div>\n\t\t\t\t<\/div>\n\t\t\t\t\t<\/div>\n\t\t<\/article>\n\t\t\t\t<article class=\"elementor-post elementor-grid-item post-3304 post type-post status-publish format-standard has-post-thumbnail hentry category-unkategorisiert\" role=\"listitem\">\n\t\t\t<div class=\"elementor-post__card\">\n\t\t\t\t<div class=\"elementor-post__text\">\n\t\t\t\t<h2 class=\"elementor-post__title\">\n\t\t\t<a href=\"https:\/\/bvder.nl\/de\/kommen-sie-zur-plastic-recycling-show-europe\/\" >\n\t\t\t\tKommen Sie zur Plastic Recycling Show Europe?\t\t\t<\/a>\n\t\t<\/h2>\n\t\t\t\t<div class=\"elementor-post__excerpt\">\n\t\t\t<p>Am 5. und 6. Mai sind wir wieder auf der PRSE-Messe im RAI in Amsterdam vertreten. Sie finden uns am<\/p>\n\t\t<\/div>\n\t\t\t\t\t<div class=\"elementor-post__read-more-wrapper\">\n\t\t\n\t\t<a class=\"elementor-post__read-more\" href=\"https:\/\/bvder.nl\/de\/kommen-sie-zur-plastic-recycling-show-europe\/\" aria-label=\"Mehr \u00fcber Kommen Sie zur Plastic Recycling Show Europe?\" tabindex=\"-1\" >\n\t\t\tWeiterlesen\t\t<\/a>\n\n\t\t\t\t\t<\/div>\n\t\t\t\t<\/div>\n\t\t\t\t\t<\/div>\n\t\t<\/article>\n\t\t\t\t<article class=\"elementor-post elementor-grid-item post-3195 post type-post status-publish format-standard has-post-thumbnail hentry category-unkategorisiert\" role=\"listitem\">\n\t\t\t<div class=\"elementor-post__card\">\n\t\t\t\t<div class=\"elementor-post__text\">\n\t\t\t\t<h2 class=\"elementor-post__title\">\n\t\t\t<a href=\"https:\/\/bvder.nl\/de\/erneuerung-unserer-bigbag-maschine\/\" >\n\t\t\t\tErneuerung unserer Bigbag-Maschine\t\t\t<\/a>\n\t\t<\/h2>\n\t\t\t\t<div class=\"elementor-post__excerpt\">\n\t\t\t<p>Bei Bas van den Ende Recycling stehen wir niemals still. Derzeit wird unsere Bigbag-Maschine komplett umgebaut, um den W\u00fcnschen unserer<\/p>\n\t\t<\/div>\n\t\t\t\t\t<div class=\"elementor-post__read-more-wrapper\">\n\t\t\n\t\t<a class=\"elementor-post__read-more\" href=\"https:\/\/bvder.nl\/de\/erneuerung-unserer-bigbag-maschine\/\" aria-label=\"Mehr \u00fcber Erneuerung unserer Bigbag-Maschine\" tabindex=\"-1\" >\n\t\t\tWeiterlesen\t\t<\/a>\n\n\t\t\t\t\t<\/div>\n\t\t\t\t<\/div>\n\t\t\t\t\t<\/div>\n\t\t<\/article>\n\t\t\t\t<article class=\"elementor-post elementor-grid-item post-3136 post type-post status-publish format-standard hentry category-unkategorisiert\" role=\"listitem\">\n\t\t\t<div class=\"elementor-post__card\">\n\t\t\t\t<div class=\"elementor-post__text\">\n\t\t\t\t<h2 class=\"elementor-post__title\">\n\t\t\t<a href=\"https:\/\/bvder.nl\/de\/its-time-to-ring-the-bell-for-recycling\/\" >\n\t\t\t\tEs ist Zeit, die Glocke zum Recycling zu l\u00e4uten!\t\t\t<\/a>\n\t\t<\/h2>\n\t\t\t\t<div class=\"elementor-post__excerpt\">\n\t\t\t<p>Jeden Tag arbeitet Bas van den Ende daran, Kunststoffe aus Gartenbau- und Verbraucherabf\u00e4llen effektiv zu trennen und zu hochwertigen neuen<\/p>\n\t\t<\/div>\n\t\t\t\t\t<div class=\"elementor-post__read-more-wrapper\">\n\t\t\n\t\t<a class=\"elementor-post__read-more\" href=\"https:\/\/bvder.nl\/de\/its-time-to-ring-the-bell-for-recycling\/\" aria-label=\"Mehr \u00fcber Es ist Zeit, die Glocke zum Recycling zu l\u00e4uten!\" tabindex=\"-1\" >\n\t\t\tWeiterlesen\t\t<\/a>\n\n\t\t\t\t\t<\/div>\n\t\t\t\t<\/div>\n\t\t\t\t\t<\/div>\n\t\t<\/article>\n\t\t\t\t<article class=\"elementor-post elementor-grid-item post-3107 post type-post status-publish format-standard hentry category-unkategorisiert\" role=\"listitem\">\n\t\t\t<div class=\"elementor-post__card\">\n\t\t\t\t<div class=\"elementor-post__text\">\n\t\t\t\t<h2 class=\"elementor-post__title\">\n\t\t\t<a href=\"https:\/\/bvder.nl\/de\/neuer-vecoplan-shredder-geliefert\/\" >\n\t\t\t\tNeuer Vecoplan Shredder geliefert!\t\t\t<\/a>\n\t\t<\/h2>\n\t\t\t\t<div class=\"elementor-post__excerpt\">\n\t\t\t<p>Die Zeit ist gekommen! Unser brandneuer Vecoplan-H\u00e4cksler wurde geliefert und ist einsatzbereit. Mit dieser leistungsstarken Maschine heben wir unsere Verarbeitungskapazit\u00e4t<\/p>\n\t\t<\/div>\n\t\t\t\t\t<div class=\"elementor-post__read-more-wrapper\">\n\t\t\n\t\t<a class=\"elementor-post__read-more\" href=\"https:\/\/bvder.nl\/de\/neuer-vecoplan-shredder-geliefert\/\" aria-label=\"Mehr \u00fcber Neuer Vecoplan Shredder geliefert!\" tabindex=\"-1\" >\n\t\t\tWeiterlesen\t\t<\/a>\n\n\t\t\t\t\t<\/div>\n\t\t\t\t<\/div>\n\t\t\t\t\t<\/div>\n\t\t<\/article>\n\t\t\t\t<article class=\"elementor-post elementor-grid-item post-2701 post type-post status-publish format-standard has-post-thumbnail hentry category-unkategorisiert\" role=\"listitem\">\n\t\t\t<div class=\"elementor-post__card\">\n\t\t\t\t<div class=\"elementor-post__text\">\n\t\t\t\t<h2 class=\"elementor-post__title\">\n\t\t\t<a href=\"https:\/\/bvder.nl\/de\/erreichbarkeit-standort-hoek-van-holland\/\" >\n\t\t\t\tErreichbarkeit Standort Hoek van Holland\t\t\t<\/a>\n\t\t<\/h2>\n\t\t\t\t<div class=\"elementor-post__excerpt\">\n\t\t\t<p>Ab dem 17. M\u00e4rz wird in der Hoeksebaan gearbeitet. Die 5 Phasen, in denen das gesamte Fundament erneuert wird, werden<\/p>\n\t\t<\/div>\n\t\t\t\t\t<div class=\"elementor-post__read-more-wrapper\">\n\t\t\n\t\t<a class=\"elementor-post__read-more\" href=\"https:\/\/bvder.nl\/de\/erreichbarkeit-standort-hoek-van-holland\/\" aria-label=\"Mehr \u00fcber Erreichbarkeit Standort Hoek van Holland\" tabindex=\"-1\" >\n\t\t\tWeiterlesen\t\t<\/a>\n\n\t\t\t\t\t<\/div>\n\t\t\t\t<\/div>\n\t\t\t\t\t<\/div>\n\t\t<\/article>\n\t\t\t\t<article class=\"elementor-post elementor-grid-item post-2590 post type-post status-publish format-standard has-post-thumbnail hentry category-unkategorisiert\" role=\"listitem\">\n\t\t\t<div class=\"elementor-post__card\">\n\t\t\t\t<div class=\"elementor-post__text\">\n\t\t\t\t<h2 class=\"elementor-post__title\">\n\t\t\t<a href=\"https:\/\/bvder.nl\/de\/wir-haben-das-recyclass-zertifikat-erhalten\/\" >\n\t\t\t\tWir haben das RecyClass-Zertifikat erhalten!\t\t\t<\/a>\n\t\t<\/h2>\n\t\t\t\t<div class=\"elementor-post__excerpt\">\n\t\t\t<p>Wir sind begeistert und stolz, mitzuteilen, dass wir offiziell das RecyClass-Zertifikat erhalten haben. Diese Zertifizierung gew\u00e4hrleistet eine nachvollziehbare Herkunft von<\/p>\n\t\t<\/div>\n\t\t\t\t\t<div class=\"elementor-post__read-more-wrapper\">\n\t\t\n\t\t<a class=\"elementor-post__read-more\" href=\"https:\/\/bvder.nl\/de\/wir-haben-das-recyclass-zertifikat-erhalten\/\" aria-label=\"Mehr \u00fcber Wir haben das RecyClass-Zertifikat erhalten!\" tabindex=\"-1\" >\n\t\t\tWeiterlesen\t\t<\/a>\n\n\t\t\t\t\t<\/div>\n\t\t\t\t<\/div>\n\t\t\t\t\t<\/div>\n\t\t<\/article>\n\t\t\t\t<article class=\"elementor-post elementor-grid-item post-2559 post type-post status-publish format-standard has-post-thumbnail hentry category-unkategorisiert\" role=\"listitem\">\n\t\t\t<div class=\"elementor-post__card\">\n\t\t\t\t<div class=\"elementor-post__text\">\n\t\t\t\t<h2 class=\"elementor-post__title\">\n\t\t\t<a href=\"https:\/\/bvder.nl\/de\/unser-neues-buero-nimmt\/\" >\n\t\t\t\tUnser neues B\u00fcro nimmt Gestalt an!\t\t\t<\/a>\n\t\t<\/h2>\n\t\t\t\t<div class=\"elementor-post__excerpt\">\n\t\t\t<p>Wir arbeiten derzeit sehr hart an unserem neuen B\u00fcro, und es sieht schon sehr sch\u00f6n aus! Die Arbeiten an der<\/p>\n\t\t<\/div>\n\t\t\t\t\t<div class=\"elementor-post__read-more-wrapper\">\n\t\t\n\t\t<a class=\"elementor-post__read-more\" href=\"https:\/\/bvder.nl\/de\/unser-neues-buero-nimmt\/\" aria-label=\"Mehr \u00fcber Unser neues B\u00fcro nimmt Gestalt an!\" tabindex=\"-1\" >\n\t\t\tWeiterlesen\t\t<\/a>\n\n\t\t\t\t\t<\/div>\n\t\t\t\t<\/div>\n\t\t\t\t\t<\/div>\n\t\t<\/article>\n\t\t\t\t<article class=\"elementor-post elementor-grid-item post-2529 post type-post status-publish format-standard has-post-thumbnail hentry category-unkategorisiert\" role=\"listitem\">\n\t\t\t<div class=\"elementor-post__card\">\n\t\t\t\t<div class=\"elementor-post__text\">\n\t\t\t\t<h2 class=\"elementor-post__title\">\n\t\t\t<a href=\"https:\/\/bvder.nl\/de\/slim-projekt-zukunftswachstum\/\" >\n\t\t\t\tSLIM-Projekt: Zukunftswachstum\t\t\t<\/a>\n\t\t<\/h2>\n\t\t\t\t<div class=\"elementor-post__excerpt\">\n\t\t\t<p>Seit 2023 erlebt Bas van den Ende Kunststoff-Recycling ein enormes Wachstum. Diese Expansion erfordert Anpassungen in verschiedenen Bereichen des Unternehmens,<\/p>\n\t\t<\/div>\n\t\t\t\t\t<div class=\"elementor-post__read-more-wrapper\">\n\t\t\n\t\t<a class=\"elementor-post__read-more\" href=\"https:\/\/bvder.nl\/de\/slim-projekt-zukunftswachstum\/\" aria-label=\"Mehr \u00fcber SLIM-Projekt: Zukunftswachstum\" tabindex=\"-1\" >\n\t\t\tWeiterlesen\t\t<\/a>\n\n\t\t\t\t\t<\/div>\n\t\t\t\t<\/div>\n\t\t\t\t\t<\/div>\n\t\t<\/article>\n\t\t\t\t<article class=\"elementor-post elementor-grid-item post-2481 post type-post status-publish format-standard has-post-thumbnail hentry category-unkategorisiert\" role=\"listitem\">\n\t\t\t<div class=\"elementor-post__card\">\n\t\t\t\t<div class=\"elementor-post__text\">\n\t\t\t\t<h2 class=\"elementor-post__title\">\n\t\t\t<a href=\"https:\/\/bvder.nl\/de\/doe-mee-aan-world-clean-up-day\/\" >\n\t\t\t\tMach mit beim World Clean Up Day!\t\t\t<\/a>\n\t\t<\/h2>\n\t\t\t\t<div class=\"elementor-post__excerpt\">\n\t\t\t<p>Am Samstag, den 21. September, von 09:00 bis 13:00 Uhr kannst du hartes Gartenplastik wie Gartenst\u00fchle, Tische, Spielh\u00e4user und Blument\u00f6pfe<\/p>\n\t\t<\/div>\n\t\t\t\t\t<div class=\"elementor-post__read-more-wrapper\">\n\t\t\n\t\t<a class=\"elementor-post__read-more\" href=\"https:\/\/bvder.nl\/de\/doe-mee-aan-world-clean-up-day\/\" aria-label=\"Mehr \u00fcber Mach mit beim World Clean Up Day!\" tabindex=\"-1\" >\n\t\t\tWeiterlesen\t\t<\/a>\n\n\t\t\t\t\t<\/div>\n\t\t\t\t<\/div>\n\t\t\t\t\t<\/div>\n\t\t<\/article>\n\t\t\t\t<\/div>\n\t\t\n\t\t\t\t\t\t<\/div>\n\t\t\t\t<\/div>\n\t\t\t\t\t<\/div>\n\t\t<\/div>\n\t\t\t\t\t<\/div>\n\t\t<\/section>\n\t\t\t\t<\/div>\n\t\t","protected":false},"excerpt":{"rendered":"","protected":false},"author":1,"featured_media":0,"parent":0,"menu_order":0,"comment_status":"closed","ping_status":"closed","template":"","meta":{"footnotes":""},"class_list":["post-907","page","type-page","status-publish","hentry"],"_links":{"self":[{"href":"https:\/\/bvder.nl\/de\/wp-json\/wp\/v2\/pages\/907","targetHints":{"allow":["GET"]}}],"collection":[{"href":"https:\/\/bvder.nl\/de\/wp-json\/wp\/v2\/pages"}],"about":[{"href":"https:\/\/bvder.nl\/de\/wp-json\/wp\/v2\/types\/page"}],"author":[{"embeddable":true,"href":"https:\/\/bvder.nl\/de\/wp-json\/wp\/v2\/users\/1"}],"replies":[{"embeddable":true,"href":"https:\/\/bvder.nl\/de\/wp-json\/wp\/v2\/comments?post=907"}],"version-history":[{"count":0,"href":"https:\/\/bvder.nl\/de\/wp-json\/wp\/v2\/pages\/907\/revisions"}],"wp:attachment":[{"href":"https:\/\/bvder.nl\/de\/wp-json\/wp\/v2\/media?parent=907"}],"curies":[{"name":"wp","href":"https:\/\/api.w.org\/{rel}","templated":true}]}}