{"id":905,"date":"2022-06-02T11:52:52","date_gmt":"2022-06-02T09:52:52","guid":{"rendered":"https:\/\/bvder.nl?page_id=905"},"modified":"2022-06-10T10:05:07","modified_gmt":"2022-06-10T10:05:07","slug":"wirst-du-unser-neues-teammitglied","status":"publish","type":"page","link":"https:\/\/bvder.nl\/de\/wirst-du-unser-neues-teammitglied\/","title":{"rendered":"Wirst du unser neues Teammitglied?"},"content":{"rendered":"\t\t<div data-elementor-type=\"wp-page\" data-elementor-id=\"905\" class=\"elementor elementor-905 elementor-458\" data-elementor-post-type=\"page\">\n\t\t\t\t\t\t<section class=\"elementor-section elementor-top-section elementor-element elementor-element-9f977e3 elementor-section-boxed elementor-section-height-default elementor-section-height-default\" data-id=\"9f977e3\" data-element_type=\"section\" data-e-type=\"section\">\n\t\t\t\t\t\t<div class=\"elementor-container elementor-column-gap-default\">\n\t\t\t\t\t<div class=\"elementor-column elementor-col-100 elementor-top-column elementor-element elementor-element-c589fd8\" data-id=\"c589fd8\" data-element_type=\"column\" data-e-type=\"column\">\n\t\t\t<div class=\"elementor-widget-wrap elementor-element-populated\">\n\t\t\t\t\t\t<div class=\"elementor-element elementor-element-44455c3 elementor-widget elementor-widget-text-editor\" data-id=\"44455c3\" data-element_type=\"widget\" data-e-type=\"widget\" data-widget_type=\"text-editor.default\">\n\t\t\t\t<div class=\"elementor-widget-container\">\n\t\t\t\t\t\t\t\t\t<p>Arbeiten bei BVDER? Unser engagiertes Team geht jeden Tag mit viel Leidenschaft an die Arbeit. Gemeinsam arbeiten wir auf ein gemeinsames Ziel hin: Restm\u00fcll zu hochwertigen Endprodukten zu verwerten, um so zu einer saubereren Umwelt und einer besseren Welt f\u00fcr die kommenden Generationen beizutragen. Dabei bist du als Teammitglied von zentraler Bedeutung, denn nur gemeinsam k\u00f6nnen wir dieses Ziel erreichen. Hier willst du dazugeh\u00f6ren!<\/p><p>Bist du unsere Verst\u00e4rkung? Sieh dir die offenen Stellen in unserem Unternehmen an.<\/p>\t\t\t\t\t\t\t\t<\/div>\n\t\t\t\t<\/div>\n\t\t\t\t<div class=\"elementor-element elementor-element-e22f4aa elementor-posts--thumbnail-none elementor-posts__hover-none elementor-grid-3 elementor-grid-tablet-2 elementor-grid-mobile-1 elementor-card-shadow-yes elementor-widget elementor-widget-posts\" data-id=\"e22f4aa\" data-element_type=\"widget\" data-e-type=\"widget\" data-settings=\"{&quot;cards_columns&quot;:&quot;3&quot;,&quot;cards_columns_tablet&quot;:&quot;2&quot;,&quot;cards_columns_mobile&quot;:&quot;1&quot;,&quot;cards_row_gap&quot;:{&quot;unit&quot;:&quot;px&quot;,&quot;size&quot;:35,&quot;sizes&quot;:[]},&quot;cards_row_gap_tablet&quot;:{&quot;unit&quot;:&quot;px&quot;,&quot;size&quot;:&quot;&quot;,&quot;sizes&quot;:[]},&quot;cards_row_gap_mobile&quot;:{&quot;unit&quot;:&quot;px&quot;,&quot;size&quot;:&quot;&quot;,&quot;sizes&quot;:[]}}\" data-widget_type=\"posts.cards\">\n\t\t\t\t<div class=\"elementor-widget-container\">\n\t\t\t\t\t\t\t<div class=\"elementor-posts-container elementor-posts elementor-posts--skin-cards elementor-grid\" role=\"list\">\n\t\t\t\t<article class=\"elementor-post elementor-grid-item post-3362 vacatures type-vacatures status-publish hentry locatie-schijndel\" role=\"listitem\">\n\t\t\t<div class=\"elementor-post__card\">\n\t\t\t\t<div class=\"elementor-post__text\">\n\t\t\t\t<h3 class=\"elementor-post__title\">\n\t\t\t<a href=\"https:\/\/bvder.nl\/de\/vacatures\/meewerkend-voorman\/\" >\n\t\t\t\tMeewerkend Voorman\t\t\t<\/a>\n\t\t<\/h3>\n\t\t\t\t<div class=\"elementor-post__excerpt\">\n\t\t\t<p>Ben jij een enthousiaste en gedreven Meewerkend Voorman of voorrouw met ervaring in het aansturen<\/p>\n\t\t<\/div>\n\t\t\t\t\t<div class=\"elementor-post__read-more-wrapper\">\n\t\t\n\t\t<a class=\"elementor-post__read-more\" href=\"https:\/\/bvder.nl\/de\/vacatures\/meewerkend-voorman\/\" aria-label=\"Mehr \u00fcber Meewerkend Voorman\" tabindex=\"-1\" >\n\t\t\tStellenangebot\t\t<\/a>\n\n\t\t\t\t\t<\/div>\n\t\t\t\t<\/div>\n\t\t\t\t\t<\/div>\n\t\t<\/article>\n\t\t\t\t<article class=\"elementor-post elementor-grid-item post-3072 vacatures type-vacatures status-publish hentry locatie-hoek-van-holland\" role=\"listitem\">\n\t\t\t<div class=\"elementor-post__card\">\n\t\t\t\t<div class=\"elementor-post__text\">\n\t\t\t\t<h3 class=\"elementor-post__title\">\n\t\t\t<a href=\"https:\/\/bvder.nl\/de\/vacatures\/junior-locatiemanager\/\" >\n\t\t\t\tLocatiemanager\t\t\t<\/a>\n\t\t<\/h3>\n\t\t\t\t<div class=\"elementor-post__excerpt\">\n\t\t\t<p>Ben jij een natuurlijke leider met organisatietalent en de drive om een locatie soepel te<\/p>\n\t\t<\/div>\n\t\t\t\t\t<div class=\"elementor-post__read-more-wrapper\">\n\t\t\n\t\t<a class=\"elementor-post__read-more\" href=\"https:\/\/bvder.nl\/de\/vacatures\/junior-locatiemanager\/\" aria-label=\"Mehr \u00fcber Locatiemanager\" tabindex=\"-1\" >\n\t\t\tStellenangebot\t\t<\/a>\n\n\t\t\t\t\t<\/div>\n\t\t\t\t<\/div>\n\t\t\t\t\t<\/div>\n\t\t<\/article>\n\t\t\t\t<article class=\"elementor-post elementor-grid-item post-2506 vacatures type-vacatures status-publish hentry locatie-hoek-van-holland\" role=\"listitem\">\n\t\t\t<div class=\"elementor-post__card\">\n\t\t\t\t<div class=\"elementor-post__text\">\n\t\t\t\t<h3 class=\"elementor-post__title\">\n\t\t\t<a href=\"https:\/\/bvder.nl\/de\/vacatures\/administratief-medewerker\/\" >\n\t\t\t\tKraanmachinist\t\t\t<\/a>\n\t\t<\/h3>\n\t\t\t\t<div class=\"elementor-post__excerpt\">\n\t\t\t<p>Zit jij het liefst tussen het grove werk, met grote machines om je heen en<\/p>\n\t\t<\/div>\n\t\t\t\t\t<div class=\"elementor-post__read-more-wrapper\">\n\t\t\n\t\t<a class=\"elementor-post__read-more\" href=\"https:\/\/bvder.nl\/de\/vacatures\/administratief-medewerker\/\" aria-label=\"Mehr \u00fcber Kraanmachinist\" tabindex=\"-1\" >\n\t\t\tStellenangebot\t\t<\/a>\n\n\t\t\t\t\t<\/div>\n\t\t\t\t<\/div>\n\t\t\t\t\t<\/div>\n\t\t<\/article>\n\t\t\t\t<article class=\"elementor-post elementor-grid-item post-2490 vacatures type-vacatures status-publish hentry locatie-hoek-van-holland locatie-schijndel\" role=\"listitem\">\n\t\t\t<div class=\"elementor-post__card\">\n\t\t\t\t<div class=\"elementor-post__text\">\n\t\t\t\t<h3 class=\"elementor-post__title\">\n\t\t\t<a href=\"https:\/\/bvder.nl\/de\/vacatures\/operationeel-manager\/\" >\n\t\t\t\tAccountmanager Inkoop (Belgi\u00eb\/Frankrijk)\t\t\t<\/a>\n\t\t<\/h3>\n\t\t\t\t<div class=\"elementor-post__excerpt\">\n\t\t\t<p>Vind jij het heerlijk om lekker op pad te zijn, nieuwe plekken te ontdekken en<\/p>\n\t\t<\/div>\n\t\t\t\t\t<div class=\"elementor-post__read-more-wrapper\">\n\t\t\n\t\t<a class=\"elementor-post__read-more\" href=\"https:\/\/bvder.nl\/de\/vacatures\/operationeel-manager\/\" aria-label=\"Mehr \u00fcber Accountmanager Inkoop (Belgi\u00eb\/Frankrijk)\" tabindex=\"-1\" >\n\t\t\tStellenangebot\t\t<\/a>\n\n\t\t\t\t\t<\/div>\n\t\t\t\t<\/div>\n\t\t\t\t\t<\/div>\n\t\t<\/article>\n\t\t\t\t<article class=\"elementor-post elementor-grid-item post-2421 vacatures type-vacatures status-publish hentry locatie-hoek-van-holland\" role=\"listitem\">\n\t\t\t<div class=\"elementor-post__card\">\n\t\t\t\t<div class=\"elementor-post__text\">\n\t\t\t\t<h3 class=\"elementor-post__title\">\n\t\t\t<a href=\"https:\/\/bvder.nl\/de\/vacatures\/logistiek-medewerker-3\/\" >\n\t\t\t\tLogistiek medewerker\t\t\t<\/a>\n\t\t<\/h3>\n\t\t\t\t<div class=\"elementor-post__excerpt\">\n\t\t\t<p>In deze dynamisch rol ben jij verantwoordelijk voor het laden en lossen van vrachtwagens en<\/p>\n\t\t<\/div>\n\t\t\t\t\t<div class=\"elementor-post__read-more-wrapper\">\n\t\t\n\t\t<a class=\"elementor-post__read-more\" href=\"https:\/\/bvder.nl\/de\/vacatures\/logistiek-medewerker-3\/\" aria-label=\"Mehr \u00fcber Logistiek medewerker\" tabindex=\"-1\" >\n\t\t\tStellenangebot\t\t<\/a>\n\n\t\t\t\t\t<\/div>\n\t\t\t\t<\/div>\n\t\t\t\t\t<\/div>\n\t\t<\/article>\n\t\t\t\t<article class=\"elementor-post elementor-grid-item post-2405 vacatures type-vacatures status-publish hentry locatie-hoek-van-holland\" role=\"listitem\">\n\t\t\t<div class=\"elementor-post__card\">\n\t\t\t\t<div class=\"elementor-post__text\">\n\t\t\t\t<h3 class=\"elementor-post__title\">\n\t\t\t<a href=\"https:\/\/bvder.nl\/de\/vacatures\/onderhoudsmonteur\/\" >\n\t\t\t\tOnderhoudsmonteur\t\t\t<\/a>\n\t\t<\/h3>\n\t\t\t\t<div class=\"elementor-post__excerpt\">\n\t\t\t<p>Ben jij een enthousiaste onderhoudsmonteur met expertise in zowel elektrotechniek als mechanica? Lees dan snel<\/p>\n\t\t<\/div>\n\t\t\t\t\t<div class=\"elementor-post__read-more-wrapper\">\n\t\t\n\t\t<a class=\"elementor-post__read-more\" href=\"https:\/\/bvder.nl\/de\/vacatures\/onderhoudsmonteur\/\" aria-label=\"Mehr \u00fcber Onderhoudsmonteur\" tabindex=\"-1\" >\n\t\t\tStellenangebot\t\t<\/a>\n\n\t\t\t\t\t<\/div>\n\t\t\t\t<\/div>\n\t\t\t\t\t<\/div>\n\t\t<\/article>\n\t\t\t\t<\/div>\n\t\t\n\t\t\t\t\t\t<\/div>\n\t\t\t\t<\/div>\n\t\t\t\t<div class=\"elementor-element elementor-element-c6b628e elementor-widget elementor-widget-button\" data-id=\"c6b628e\" data-element_type=\"widget\" data-e-type=\"widget\" data-widget_type=\"button.default\">\n\t\t\t\t<div class=\"elementor-widget-container\">\n\t\t\t\t\t\t\t\t\t<div class=\"elementor-button-wrapper\">\n\t\t\t\t\t<a class=\"elementor-button elementor-button-link elementor-size-sm elementor-animation-grow\" href=\"mailto:sollicitatie@bvder.nl\">\n\t\t\t\t\t\t<span class=\"elementor-button-content-wrapper\">\n\t\t\t\t\t\t\t\t\t<span class=\"elementor-button-text\">Bewerben Sie sich direkt<\/span>\n\t\t\t\t\t<\/span>\n\t\t\t\t\t<\/a>\n\t\t\t\t<\/div>\n\t\t\t\t\t\t\t\t<\/div>\n\t\t\t\t<\/div>\n\t\t\t\t\t<\/div>\n\t\t<\/div>\n\t\t\t\t\t<\/div>\n\t\t<\/section>\n\t\t\t\t<\/div>\n\t\t","protected":false},"excerpt":{"rendered":"<p>Arbeiten bei BVDER? Unser engagiertes Team geht jeden Tag mit viel Leidenschaft an die Arbeit. Gemeinsam arbeiten wir auf ein gemeinsames Ziel hin: Restm\u00fcll zu hochwertigen Endprodukten zu verwerten, um so zu einer saubereren Umwelt und einer besseren Welt f\u00fcr die kommenden Generationen beizutragen. Dabei bist du als Teammitglied von zentraler Bedeutung, denn nur gemeinsam [&hellip;]<\/p>\n","protected":false},"author":1,"featured_media":0,"parent":0,"menu_order":0,"comment_status":"closed","ping_status":"closed","template":"","meta":{"footnotes":""},"class_list":["post-905","page","type-page","status-publish","hentry"],"_links":{"self":[{"href":"https:\/\/bvder.nl\/de\/wp-json\/wp\/v2\/pages\/905","targetHints":{"allow":["GET"]}}],"collection":[{"href":"https:\/\/bvder.nl\/de\/wp-json\/wp\/v2\/pages"}],"about":[{"href":"https:\/\/bvder.nl\/de\/wp-json\/wp\/v2\/types\/page"}],"author":[{"embeddable":true,"href":"https:\/\/bvder.nl\/de\/wp-json\/wp\/v2\/users\/1"}],"replies":[{"embeddable":true,"href":"https:\/\/bvder.nl\/de\/wp-json\/wp\/v2\/comments?post=905"}],"version-history":[{"count":0,"href":"https:\/\/bvder.nl\/de\/wp-json\/wp\/v2\/pages\/905\/revisions"}],"wp:attachment":[{"href":"https:\/\/bvder.nl\/de\/wp-json\/wp\/v2\/media?parent=905"}],"curies":[{"name":"wp","href":"https:\/\/api.w.org\/{rel}","templated":true}]}}