{"id":899,"date":"2022-06-02T08:11:20","date_gmt":"2022-06-02T08:11:20","guid":{"rendered":"https:\/\/bvder.nl?page_id=899"},"modified":"2022-07-13T05:48:43","modified_gmt":"2022-07-13T05:48:43","slug":"recycling","status":"publish","type":"page","link":"https:\/\/bvder.nl\/de\/recycling\/","title":{"rendered":"Recycling"},"content":{"rendered":"\t\t<div data-elementor-type=\"wp-page\" data-elementor-id=\"899\" class=\"elementor elementor-899 elementor-298\" data-elementor-post-type=\"page\">\n\t\t\t\t\t\t<section class=\"elementor-section elementor-top-section elementor-element elementor-element-992d469 elementor-section-boxed elementor-section-height-default elementor-section-height-default\" data-id=\"992d469\" data-element_type=\"section\" data-e-type=\"section\">\n\t\t\t\t\t\t<div class=\"elementor-container elementor-column-gap-default\">\n\t\t\t\t\t<div class=\"elementor-column elementor-col-100 elementor-top-column elementor-element elementor-element-8173011\" data-id=\"8173011\" data-element_type=\"column\" data-e-type=\"column\">\n\t\t\t<div class=\"elementor-widget-wrap elementor-element-populated\">\n\t\t\t\t\t\t<div class=\"elementor-element elementor-element-11c7c9c elementor-widget elementor-widget-heading\" data-id=\"11c7c9c\" data-element_type=\"widget\" data-e-type=\"widget\" data-widget_type=\"heading.default\">\n\t\t\t\t<div class=\"elementor-widget-container\">\n\t\t\t\t\t<h2 class=\"elementor-heading-title elementor-size-default\">Warum Recycling?<\/h2>\t\t\t\t<\/div>\n\t\t\t\t<\/div>\n\t\t\t\t<div class=\"elementor-element elementor-element-cbef95a elementor-widget elementor-widget-text-editor\" data-id=\"cbef95a\" data-element_type=\"widget\" data-e-type=\"widget\" data-widget_type=\"text-editor.default\">\n\t\t\t\t<div class=\"elementor-widget-container\">\n\t\t\t\t\t\t\t\t\t<p>Jeden Tag werden in Haushalt und Gewerbe kiloweise Abf\u00e4lle entsorgt. Diese Abf\u00e4lle sind viel mehr wert, als Sie denken! Indem wir Restm\u00fcll recyceln, sparen wir fossile Rohstoffe, Energie und CO2 und tragen so zu einer sauberen Umwelt und einer besseren Welt f\u00fcr die kommenden Generationen bei.<\/p><p>Als modernes und fortschrittliches Recyclingunternehmen verf\u00fcgt BVDER \u00fcber modernste Maschinen und Techniken, um immer mehr Rohstoffe sachgerecht zu trennen und in hochwertiges Mahlgut umzuwandeln. Dar\u00fcber hinaus sammeln wir alle Arten von Hartplastik aus dem Gartenbau, wie Tropfschl\u00e4uche und T\u00f6pfe, sowie aus Haushalten wie Abfallbeh\u00e4lter, Eimer, Kanister, Kisten, W\u00e4schek\u00f6rbe, Spielzeug usw. Unsere Recyclingprozesse erf\u00fcllen h\u00f6chste Umwelt- und Qualit\u00e4tsanforderungen. Beispielsweise investieren wir fortlaufend in qualifiziertes, motiviertes Personal und in die modernste Technikunserer Produktionslinien. Qualit\u00e4t, Effizienz und Nachhaltigkeit stehen bei uns an erster Stelle!<\/p><p>Beispielsweise investieren wir fortlaufend in qualifiziertes, motiviertes Personal und in die modernste Technikunserer Produktionslinien. Dabei ist unser Ausgangspunkt immer die Wiederverwertung von Rohstoffen. Unsere Prozesse reduzieren den Einsatz fossiler Brennstoffe und <sub>CO2-Emissionen<\/sub>. Unsere recycelten Rohstoffe bilden die Grundlage f\u00fcr nachhaltige Produkte, aus denen neue Kunststoffprodukte oder Granulate hergestellt werden. So geben wir Ihrem Restm\u00fcll seinen Wert zur\u00fcck und leisten einen echten Beitrag f\u00fcr die Umwelt!<\/p>\t\t\t\t\t\t\t\t<\/div>\n\t\t\t\t<\/div>\n\t\t\t\t<section class=\"elementor-section elementor-inner-section elementor-element elementor-element-9704965 elementor-section-boxed elementor-section-height-default elementor-section-height-default\" data-id=\"9704965\" data-element_type=\"section\" data-e-type=\"section\">\n\t\t\t\t\t\t<div class=\"elementor-container elementor-column-gap-default\">\n\t\t\t\t\t<div class=\"elementor-column elementor-col-50 elementor-inner-column elementor-element elementor-element-75662ea\" data-id=\"75662ea\" data-element_type=\"column\" data-e-type=\"column\">\n\t\t\t<div class=\"elementor-widget-wrap elementor-element-populated\">\n\t\t\t\t\t\t<div class=\"elementor-element elementor-element-46ad92f elementor-widget elementor-widget-heading\" data-id=\"46ad92f\" data-element_type=\"widget\" data-e-type=\"widget\" data-widget_type=\"heading.default\">\n\t\t\t\t<div class=\"elementor-widget-container\">\n\t\t\t\t\t<h2 class=\"elementor-heading-title elementor-size-default\">Der Kreislauf des Recyclings<\/h2>\t\t\t\t<\/div>\n\t\t\t\t<\/div>\n\t\t\t\t<div class=\"elementor-element elementor-element-07256c7 elementor-widget elementor-widget-text-editor\" data-id=\"07256c7\" data-element_type=\"widget\" data-e-type=\"widget\" data-widget_type=\"text-editor.default\">\n\t\t\t\t<div class=\"elementor-widget-container\">\n\t\t\t\t\t\t\t\t\t<p>W\u00f6rtlich bedeutet Recycling \u201ewiederverwenden\u201c. Rohstoffe aus Abfall werden wiederverwendet, um etwas Neues zu kreieren. Durch diesen Kreislauf werden Rohstoffe und Energie gespart. In unserem Unternehmen wird dieser Kreislauf nahtlos umgesetzt:<\/p><p>Alter Hartplastik wird zu uns gebracht und der Recyclingprozess beginnt. Wir mahlen, waschen, trennen die Abf\u00e4lle und mahlen sie erneut. Das Endprodukt ist ein hochwertiges getrocknetes Mahlgut f\u00fcr die Fertigungsindustrie, die wiederum unsere Produkte f\u00fcr neue Kunststoffprodukte verwendet. Auf diese Weise tragen wir zu einer saubereren und sichereren Welt bei!<\/p>\t\t\t\t\t\t\t\t<\/div>\n\t\t\t\t<\/div>\n\t\t\t\t\t<\/div>\n\t\t<\/div>\n\t\t\t\t<div class=\"elementor-column elementor-col-50 elementor-inner-column elementor-element elementor-element-dc71d27\" data-id=\"dc71d27\" data-element_type=\"column\" data-e-type=\"column\">\n\t\t\t<div class=\"elementor-widget-wrap elementor-element-populated\">\n\t\t\t\t\t\t<div class=\"elementor-element elementor-element-cc09250 elementor-widget__width-initial elementor-widget elementor-widget-image\" data-id=\"cc09250\" data-element_type=\"widget\" data-e-type=\"widget\" data-widget_type=\"image.default\">\n\t\t\t\t<div class=\"elementor-widget-container\">\n\t\t\t\t\t\t\t\t\t\t\t\t\t\t\t<img fetchpriority=\"high\" decoding=\"async\" width=\"800\" height=\"800\" src=\"https:\/\/bvder.nl\/wp-content\/uploads\/2022\/06\/Recycle_proces_DU-1-1024x1024.png\" class=\"attachment-large size-large wp-image-895\" alt=\"\" srcset=\"https:\/\/bvder.nl\/wp-content\/uploads\/2022\/06\/Recycle_proces_DU-1-1024x1024.png 1024w, https:\/\/bvder.nl\/wp-content\/uploads\/2022\/06\/Recycle_proces_DU-1-300x300.png 300w, https:\/\/bvder.nl\/wp-content\/uploads\/2022\/06\/Recycle_proces_DU-1-150x150.png 150w, https:\/\/bvder.nl\/wp-content\/uploads\/2022\/06\/Recycle_proces_DU-1-768x768.png 768w, https:\/\/bvder.nl\/wp-content\/uploads\/2022\/06\/Recycle_proces_DU-1-1536x1536.png 1536w, https:\/\/bvder.nl\/wp-content\/uploads\/2022\/06\/Recycle_proces_DU-1-2048x2048.png 2048w\" sizes=\"(max-width: 800px) 100vw, 800px\" \/>\t\t\t\t\t\t\t\t\t\t\t\t\t\t\t<\/div>\n\t\t\t\t<\/div>\n\t\t\t\t\t<\/div>\n\t\t<\/div>\n\t\t\t\t\t<\/div>\n\t\t<\/section>\n\t\t\t\t<div class=\"elementor-element elementor-element-cd5e10b elementor-align-left elementor-widget elementor-widget-button\" data-id=\"cd5e10b\" data-element_type=\"widget\" data-e-type=\"widget\" data-widget_type=\"button.default\">\n\t\t\t\t<div class=\"elementor-widget-container\">\n\t\t\t\t\t\t\t\t\t<div class=\"elementor-button-wrapper\">\n\t\t\t\t\t<a class=\"elementor-button elementor-button-link elementor-size-sm elementor-animation-grow\" href=\"https:\/\/bvder.nl\/de\/produkte\/\">\n\t\t\t\t\t\t<span class=\"elementor-button-content-wrapper\">\n\t\t\t\t\t\t<span class=\"elementor-button-icon\">\n\t\t\t\t<i aria-hidden=\"true\" class=\"fas fa-caret-right\"><\/i>\t\t\t<\/span>\n\t\t\t\t\t\t\t\t\t<span class=\"elementor-button-text\">Sehen Sie sich unsere Produkte an<\/span>\n\t\t\t\t\t<\/span>\n\t\t\t\t\t<\/a>\n\t\t\t\t<\/div>\n\t\t\t\t\t\t\t\t<\/div>\n\t\t\t\t<\/div>\n\t\t\t\t\t<\/div>\n\t\t<\/div>\n\t\t\t\t\t<\/div>\n\t\t<\/section>\n\t\t\t\t<\/div>\n\t\t","protected":false},"excerpt":{"rendered":"<p>Warum Recycling? Jeden Tag werden in Haushalt und Gewerbe kiloweise Abf\u00e4lle entsorgt. Diese Abf\u00e4lle sind viel mehr wert, als Sie denken! Indem wir Restm\u00fcll recyceln, sparen wir fossile Rohstoffe, Energie und CO2 und tragen so zu einer sauberen Umwelt und einer besseren Welt f\u00fcr die kommenden Generationen bei. Als modernes und fortschrittliches Recyclingunternehmen verf\u00fcgt BVDER [&hellip;]<\/p>\n","protected":false},"author":1,"featured_media":0,"parent":0,"menu_order":0,"comment_status":"closed","ping_status":"closed","template":"elementor_header_footer","meta":{"footnotes":""},"class_list":["post-899","page","type-page","status-publish","hentry"],"_links":{"self":[{"href":"https:\/\/bvder.nl\/de\/wp-json\/wp\/v2\/pages\/899","targetHints":{"allow":["GET"]}}],"collection":[{"href":"https:\/\/bvder.nl\/de\/wp-json\/wp\/v2\/pages"}],"about":[{"href":"https:\/\/bvder.nl\/de\/wp-json\/wp\/v2\/types\/page"}],"author":[{"embeddable":true,"href":"https:\/\/bvder.nl\/de\/wp-json\/wp\/v2\/users\/1"}],"replies":[{"embeddable":true,"href":"https:\/\/bvder.nl\/de\/wp-json\/wp\/v2\/comments?post=899"}],"version-history":[{"count":0,"href":"https:\/\/bvder.nl\/de\/wp-json\/wp\/v2\/pages\/899\/revisions"}],"wp:attachment":[{"href":"https:\/\/bvder.nl\/de\/wp-json\/wp\/v2\/media?parent=899"}],"curies":[{"name":"wp","href":"https:\/\/api.w.org\/{rel}","templated":true}]}}