{"id":1687,"date":"2023-12-20T14:08:40","date_gmt":"2023-12-20T13:08:40","guid":{"rendered":"https:\/\/bvder.nl\/uber-uns\/"},"modified":"2024-04-25T10:25:23","modified_gmt":"2024-04-25T08:25:23","slug":"uber-uns","status":"publish","type":"page","link":"https:\/\/bvder.nl\/de\/uber-uns\/","title":{"rendered":"\u00dcber uns"},"content":{"rendered":"\t\t<div data-elementor-type=\"wp-page\" data-elementor-id=\"1687\" class=\"elementor elementor-1687 elementor-1618\" data-elementor-post-type=\"page\">\n\t\t\t\t\t\t<section class=\"elementor-section elementor-top-section elementor-element elementor-element-53e2e53 elementor-section-boxed elementor-section-height-default elementor-section-height-default\" data-id=\"53e2e53\" data-element_type=\"section\" data-e-type=\"section\">\n\t\t\t\t\t\t<div class=\"elementor-container elementor-column-gap-default\">\n\t\t\t\t\t<div class=\"elementor-column elementor-col-100 elementor-top-column elementor-element elementor-element-8bf6f4e\" data-id=\"8bf6f4e\" data-element_type=\"column\" data-e-type=\"column\">\n\t\t\t<div class=\"elementor-widget-wrap elementor-element-populated\">\n\t\t\t\t\t\t<div class=\"elementor-element elementor-element-3dc11dc elementor-widget elementor-widget-text-editor\" data-id=\"3dc11dc\" data-element_type=\"widget\" data-e-type=\"widget\" data-widget_type=\"text-editor.default\">\n\t\t\t\t<div class=\"elementor-widget-container\">\n\t\t\t\t\t\t\t\t\t<p style=\"font-weight: 400;\"><span data-markjs=\"true\">BVDER<\/span> ist ein f\u00fchrendes Recyclingunternehmen, das mit modernsten Maschinen und Technologien in der Rohstofftrennung fortschrittlich ist. Unser Ziel ist es, eine wachsende Zahl von Rohstoffen effektiv zu trennen und in hochwertige Mahlg\u00fcter zu verwandeln. Wir sammeln verschiedene Arten von Hartkunststoffen aus dem Gartenbau, darunter Tropfschl\u00e4uche und T\u00f6pfe, sowie Verbraucherabf\u00e4lle wie Abfallbeh\u00e4lter, Kisten und Spielzeug. Bei unserem Recyclingprozess halten wir uns an die strengsten Umwelt- und Qualit\u00e4tsstandards. Wir investieren kontinuierlich in fachkundige und motivierte Mitarbeiter und in die Verbesserung unserer Produktionsanlagen. Bei <span data-markjs=\"true\">BVDER<\/span> stehen Qualit\u00e4t, Effizienz und Nachhaltigkeit im Vordergrund.<\/p>\t\t\t\t\t\t\t\t<\/div>\n\t\t\t\t<\/div>\n\t\t\t\t\t<\/div>\n\t\t<\/div>\n\t\t\t\t\t<\/div>\n\t\t<\/section>\n\t\t\t\t<section class=\"elementor-section elementor-top-section elementor-element elementor-element-a4ccb6e elementor-section-boxed elementor-section-height-default elementor-section-height-default\" data-id=\"a4ccb6e\" data-element_type=\"section\" data-e-type=\"section\">\n\t\t\t\t\t\t<div class=\"elementor-container elementor-column-gap-default\">\n\t\t\t\t\t<div class=\"elementor-column elementor-col-100 elementor-top-column elementor-element elementor-element-51d1ca5\" data-id=\"51d1ca5\" data-element_type=\"column\" data-e-type=\"column\">\n\t\t\t<div class=\"elementor-widget-wrap elementor-element-populated\">\n\t\t\t\t\t\t<div class=\"elementor-element elementor-element-8b94009 elementor-widget elementor-widget-button\" data-id=\"8b94009\" data-element_type=\"widget\" data-e-type=\"widget\" data-widget_type=\"button.default\">\n\t\t\t\t<div class=\"elementor-widget-container\">\n\t\t\t\t\t\t\t\t\t<div class=\"elementor-button-wrapper\">\n\t\t\t\t\t<a class=\"elementor-button elementor-button-link elementor-size-sm\" href=\"https:\/\/bvder.nl\/de\/unser-team\/\">\n\t\t\t\t\t\t<span class=\"elementor-button-content-wrapper\">\n\t\t\t\t\t\t\t\t\t<span class=\"elementor-button-text\">Treffen Sie unser Team<\/span>\n\t\t\t\t\t<\/span>\n\t\t\t\t\t<\/a>\n\t\t\t\t<\/div>\n\t\t\t\t\t\t\t\t<\/div>\n\t\t\t\t<\/div>\n\t\t\t\t\t<\/div>\n\t\t<\/div>\n\t\t\t\t\t<\/div>\n\t\t<\/section>\n\t\t\t\t<\/div>\n\t\t","protected":false},"excerpt":{"rendered":"<p>BVDER ist ein f\u00fchrendes Recyclingunternehmen, das mit modernsten Maschinen und Technologien in der Rohstofftrennung fortschrittlich ist. Unser Ziel ist es, eine wachsende Zahl von Rohstoffen effektiv zu trennen und in hochwertige Mahlg\u00fcter zu verwandeln. Wir sammeln verschiedene Arten von Hartkunststoffen aus dem Gartenbau, darunter Tropfschl\u00e4uche und T\u00f6pfe, sowie Verbraucherabf\u00e4lle wie Abfallbeh\u00e4lter, Kisten und Spielzeug. Bei [&hellip;]<\/p>\n","protected":false},"author":1,"featured_media":0,"parent":0,"menu_order":0,"comment_status":"closed","ping_status":"closed","template":"","meta":{"footnotes":""},"class_list":["post-1687","page","type-page","status-publish","hentry"],"_links":{"self":[{"href":"https:\/\/bvder.nl\/de\/wp-json\/wp\/v2\/pages\/1687","targetHints":{"allow":["GET"]}}],"collection":[{"href":"https:\/\/bvder.nl\/de\/wp-json\/wp\/v2\/pages"}],"about":[{"href":"https:\/\/bvder.nl\/de\/wp-json\/wp\/v2\/types\/page"}],"author":[{"embeddable":true,"href":"https:\/\/bvder.nl\/de\/wp-json\/wp\/v2\/users\/1"}],"replies":[{"embeddable":true,"href":"https:\/\/bvder.nl\/de\/wp-json\/wp\/v2\/comments?post=1687"}],"version-history":[{"count":0,"href":"https:\/\/bvder.nl\/de\/wp-json\/wp\/v2\/pages\/1687\/revisions"}],"wp:attachment":[{"href":"https:\/\/bvder.nl\/de\/wp-json\/wp\/v2\/media?parent=1687"}],"curies":[{"name":"wp","href":"https:\/\/api.w.org\/{rel}","templated":true}]}}